{"id":103,"date":"2015-08-13T11:04:05","date_gmt":"2015-08-13T10:04:05","guid":{"rendered":"http:\/\/www.verts-vd.ch\/jeunesverts\/?page_id=103"},"modified":"2015-09-11T18:13:37","modified_gmt":"2015-09-11T17:13:37","slug":"ef2015","status":"publish","type":"page","link":"https:\/\/www.verts-vd.ch\/jeunesverts\/ef2015\/","title":{"rendered":"Les Jeunes Vert-e-s au Conseil national"},"content":{"rendered":"<div class=\"half\">\n<h1>Prochaines actions de la campagne<\/h1>\n<h2>sept 2015<\/h2>\n<p><a title=\"Soir\u00e9e &quot;Ensemble pour l'ouverture&quot; \u00e0 Cossonay\" href=\"http:\/\/www.verts-vd.ch\/events\/soiree-ensemble-pour-louverture-a-cossonay\/\">Soir\u00e9e &#8220;Ensemble pour l&#8217;ouverture&#8221; \u00e0 Cossonay<\/a>\u00a0: 09\/09\/2015 20:00 &#8211; 23:00<\/p>\n<p><a title=\"#AperoVerts\" href=\"http:\/\/www.verts-vd.ch\/events\/aperovert-4\/\">#AperoVerts<\/a>\u00a0: 10\/09\/2015 17:30 &#8211; 19:00<\/p>\n<p><a title=\"Clean-up day : Nettoyage \u00e0 l'embouchure de la Venoge\" href=\"http:\/\/www.verts-vd.ch\/events\/clean-up-day-nettoyage-a-lembouchure-de-la-venoge\/\">Clean-up day : Nettoyage \u00e0 l&#8217;embouchure de la Venoge<\/a>\u00a0: 11\/09\/2015 18:00 &#8211; 20:00<\/p>\n<p><a title=\"Pour des rives plus propres : journ\u00e9e de ramassage des d\u00e9chets\" href=\"http:\/\/www.verts-vd.ch\/events\/pour-des-rives-plus-propres-journee-de-ramassage-des-dechets\/\">Pour des rives plus propres : journ\u00e9e de ramassage des d\u00e9chets<\/a>\u00a0: 11\/09\/2015 18:00 &#8211; 20:00<\/p>\n<p><a title=\"Journ\u00e9e contre le littering\" href=\"http:\/\/www.verts-vd.ch\/events\/journee-contre-le-littering\/\">Journ\u00e9e contre le littering<\/a>\u00a0: 11\/09\/2015 &#8211; 12\/09\/2015 Toute la journ\u00e9e<\/p>\n<p><a title=\"#AperoVerts\" href=\"http:\/\/www.verts-vd.ch\/events\/aperovert-5\/\">#AperoVerts<\/a>\u00a0: 17\/09\/2015 17:30 &#8211; 19:00<\/p>\n<p><a title=\"Soir\u00e9e avec Luc Recordon et G\u00e9raldine Savary \u00e0 Savigny\" href=\"http:\/\/www.verts-vd.ch\/events\/soiree-avec-luc-recordon-et-geraldine-savary-a-savigny\/\">Soir\u00e9e avec Luc Recordon et G\u00e9raldine Savary \u00e0 Savigny<\/a>\u00a0: 17\/09\/2015 20:00 &#8211; 22:00<\/p>\n<p><a title=\"Relais mobilit\u00e9\" href=\"http:\/\/www.verts-vd.ch\/events\/relais-mobilite\/\">Relais mobilit\u00e9<\/a>\u00a0: 19\/09\/2015 08:30 &#8211; 16:00<\/p>\n<\/div>\n<div class=\"half last\">\n<h1>Affiche<\/h1>\n<p><img class=\"aligncenter size-medium wp-image-825\" src=\"http:\/\/www.verts-vd.ch\/jeunesverts\/files\/2015\/08\/affiche_jvv_ef2015.jpg\" alt=\"VERTS_FR_NEW-page-002\" width=\"400\" \/><\/p>\n<\/div>\n<hr class=\"clear\" \/>\n<p><!-- retour \u00e0 la ligne forc\u00e9--><\/p>\n<h1>Les candidat-e-s<\/h1>\n<p>Apr\u00e8s avoir pr\u00e9sent\u00e9 pour la premi\u00e8re fois une liste au Conseil national en 2011, les Jeunes Vert-e-s Vaudois-e-s renouvellent l\u2019exp\u00e9rience cette ann\u00e9e pour les \u00e9lections f\u00e9d\u00e9rales 2015.\u00a0Avec dynamisme et enthousiasme, ces candidat-e-s s\u2019engagent pour les th\u00e8mes suivants :<\/p>\n<ul>\n<li>La d\u00e9fense des stagiaires et l\u2019acc\u00e8s au premier emploi en prolongation avec la p\u00e9tition d\u00e9pos\u00e9e au Grand conseil vaudois en f\u00e9vrier 2015.<\/li>\n<li>L\u2019am\u00e9nagement durable du territoire notamment avec leur initiative populaire f\u00e9d\u00e9rale.<\/li>\n<li>La d\u00e9fense du droit d\u2019asile et la solidarit\u00e9 internationale.<\/li>\n<\/ul>\n<p><strong>Coordinateur\/trice de campagne:<\/strong> <a href=\"http:\/\/www.verts-vd.ch\/membres\/mrussbach\" target=\"_blank\">Magali Russbach<\/a> et <a href=\"http:\/\/www.verts-vd.ch\/membres\/pajaquet\" target=\"_blank\">Pierre-Alain Jaquet<\/a><\/p>\n<p>&nbsp;<\/p>\n<div class=\"persona\">\n<p><img loading=\"lazy\" src=\"http:\/\/www.verts-vd.ch\/jeunesverts\/files\/2015\/07\/rinsoz_lore.jpg\" alt=\"\" width=\"144\" height=\"176\" \/><\/p>\n<div class=\"persona-info\">\n<h4>LORE RINSOZ<\/h4>\n<p class=\"address3\">Epalinges<\/p>\n<\/div>\n<\/div>\n<p><!-- --------------------autre membre --><\/p>\n<div class=\"persona\">\n<p><img loading=\"lazy\" src=\"http:\/\/www.verts-vd.ch\/jeunesverts\/files\/2015\/08\/seghrouchni_younes.jpg\" alt=\"\" width=\"142\" height=\"173\" \/><\/p>\n<div class=\"persona-info\">\n<h4>YOUNES SEGHROUCHNI<\/h4>\n<p class=\"address3\">Yverdon-les-Bains<\/p>\n<\/div>\n<\/div>\n<p><!-- --------------------autre membre --><\/p>\n<div class=\"persona\">\n<p><img loading=\"lazy\" src=\"http:\/\/www.verts-vd.ch\/jeunesverts\/files\/2015\/08\/genoud_alice.jpg\" alt=\"\" width=\"142\" height=\"173\" \/><\/p>\n<div class=\"persona-info\">\n<h4>ALICE GENOUD<\/h4>\n<p class=\"address3\">Lausanne<\/p>\n<\/div>\n<\/div>\n<hr class=\"clear\" \/>\n<p><!-- retour \u00e0 la ligne forc\u00e9--><\/p>\n<p><!-- --------------------autre membre --><\/p>\n<div class=\"persona\">\n<p><img loading=\"lazy\" src=\"http:\/\/www.verts-vd.ch\/jeunesverts\/files\/2015\/08\/jaquet_pa.jpg\" alt=\"\" width=\"142\" height=\"173\" \/><\/p>\n<div class=\"persona-info\">\n<h4>PIERRE-ALAIN JAQUET<\/h4>\n<p class=\"address3\">Aclens<\/p>\n<\/div>\n<\/div>\n<p><!-- --------------------autre membre --><\/p>\n<div class=\"persona\">\n<p><img loading=\"lazy\" src=\"http:\/\/www.verts-vd.ch\/jeunesverts\/files\/2015\/08\/joly_rebecca.jpg\" alt=\"\" width=\"142\" height=\"173\" \/><\/p>\n<div class=\"persona-info\">\n<h4>REBECCA JOLY<\/h4>\n<p class=\"address3\">Prilly<\/p>\n<\/div>\n<\/div>\n<p><!-- --------------------autre membre --><\/p>\n<div class=\"persona\">\n<p><img loading=\"lazy\" src=\"http:\/\/www.verts-vd.ch\/jeunesverts\/files\/2015\/08\/raedler_david.jpg\" alt=\"\" width=\"142\" height=\"173\" \/><\/p>\n<div class=\"persona-info\">\n<h4>DAVID RAEDLER<\/h4>\n<p class=\"address3\">Lausanne<\/p>\n<\/div>\n<\/div>\n<hr class=\"clear\" \/>\n<p><!-- retour \u00e0 la ligne forc\u00e9--><\/p>\n<p><!-- --------------------autre membre --><\/p>\n<div class=\"persona\">\n<p><img loading=\"lazy\" src=\"http:\/\/www.verts-vd.ch\/jeunesverts\/files\/2015\/06\/jueni_pamela.jpg\" alt=\"\" width=\"142\" height=\"173\" \/><\/p>\n<div class=\"persona-info\">\n<h4>PAMELA JUENI<\/h4>\n<p class=\"address3\">Montilliez<\/p>\n<\/div>\n<\/div>\n<p><!-- --------------------autre membre --><\/p>\n<div class=\"persona\">\n<p><img loading=\"lazy\" src=\"http:\/\/www.verts-vd.ch\/jeunesverts\/files\/2015\/08\/maury_yannick.jpg\" alt=\"\" width=\"142\" height=\"173\" \/><\/p>\n<div class=\"persona-info\">\n<h4>YANNICK MAURY<\/h4>\n<p class=\"address3\">Cossonay<\/p>\n<\/div>\n<\/div>\n<p><!-- --------------------autre membre --><\/p>\n<div class=\"persona\">\n<p><img loading=\"lazy\" src=\"http:\/\/www.verts-vd.ch\/jeunesverts\/files\/2015\/07\/zangger_anna.jpg\" alt=\"\" width=\"142\" height=\"173\" \/><\/p>\n<div class=\"persona-info\">\n<h4>ANNA ZANGGER<\/h4>\n<p class=\"address3\">Lausanne<\/p>\n<\/div>\n<\/div>\n<hr class=\"clear\" \/>\n<p><!-- retour \u00e0 la ligne forc\u00e9--><\/p>\n<p><!-- --------------------autre membre --><\/p>\n<div class=\"persona\">\n<p><img loading=\"lazy\" src=\"http:\/\/www.verts-vd.ch\/jeunesverts\/files\/2015\/06\/panchard_ilias.jpg\" alt=\"\" width=\"142\" height=\"173\" \/><\/p>\n<div class=\"persona-info\">\n<h4>ILIAS PANCHARD<\/h4>\n<p class=\"address3\">Chavannes-pr\u00e8s-Renens<\/p>\n<\/div>\n<\/div>\n<p><!-- --------------------autre membre --><\/p>\n<div class=\"persona\">\n<p><img loading=\"lazy\" src=\"http:\/\/www.verts-vd.ch\/jeunesverts\/files\/2015\/08\/botteron_anne-laure.jpg\" alt=\"\" width=\"142\" height=\"173\" \/><\/p>\n<div class=\"persona-info\">\n<h4>ANNE-LAURE BOTTERON<\/h4>\n<p class=\"address3\">Echallens<\/p>\n<\/div>\n<\/div>\n<p><!-- --------------------autre membre --><\/p>\n<div class=\"persona\">\n<p><img loading=\"lazy\" src=\"http:\/\/www.verts-vd.ch\/jeunesverts\/files\/2015\/07\/anken_daniel.jpg\" alt=\"\" width=\"142\" height=\"173\" \/><\/p>\n<div class=\"persona-info\">\n<h4>DANIEL ANKEN<\/h4>\n<p class=\"address3\">Montilliez<\/p>\n<\/div>\n<\/div>\n<hr class=\"clear\" \/>\n<p><!-- retour \u00e0 la ligne forc\u00e9--><\/p>\n<p><!-- --------------------autre membre --><\/p>\n<div class=\"persona\">\n<p><img loading=\"lazy\" src=\"http:\/\/www.verts-vd.ch\/jeunesverts\/files\/2015\/06\/russbach_magali.jpg\" alt=\"\" width=\"142\" height=\"173\" \/><\/p>\n<div class=\"persona-info\">\n<h4>MAGALI RUSSBACH<\/h4>\n<p class=\"address3\">Prilly<\/p>\n<\/div>\n<\/div>\n<p><!-- --------------------autre membre --><\/p>\n<div class=\"persona\">\n<p><img loading=\"lazy\" src=\"http:\/\/www.verts-vd.ch\/jeunesverts\/files\/2015\/08\/bileci_lionel.jpg\" alt=\"\" width=\"142\" height=\"173\" \/><\/p>\n<div class=\"persona-info\">\n<h4>LIONEL BILECI<\/h4>\n<p class=\"address3\">Aigle<\/p>\n<\/div>\n<\/div>\n<p><!-- --------------------autre membre --><\/p>\n<div class=\"persona\">\n<p><img loading=\"lazy\" src=\"http:\/\/www.verts-vd.ch\/jeunesverts\/files\/2015\/06\/soto_sara.jpg\" alt=\"\" width=\"142\" height=\"173\" \/><\/p>\n<div class=\"persona-info\">\n<h4>SARA SOTO<\/h4>\n<p class=\"address3\">Lausanne<\/p>\n<\/div>\n<\/div>\n<hr class=\"clear\" \/>\n<p><!-- retour \u00e0 la ligne forc\u00e9--><\/p>\n<p><!-- --------------------autre membre --><\/p>\n<div class=\"persona\">\n<p><img loading=\"lazy\" src=\"http:\/\/www.verts-vd.ch\/jeunesverts\/files\/2015\/07\/michaud_florent.jpg\" alt=\"\" width=\"142\" height=\"173\" \/><\/p>\n<div class=\"persona-info\">\n<h4>FLORENT MICHAUD<\/h4>\n<p class=\"address3\">Yverdon-les-Bains<\/p>\n<\/div>\n<\/div>\n<p><!-- --------------------autre membre --><\/p>\n<div class=\"persona\">\n<p><img loading=\"lazy\" src=\"http:\/\/www.verts-vd.ch\/jeunesverts\/files\/2015\/07\/gutknecht_chloe.jpg\" alt=\"\" width=\"142\" height=\"173\" \/><\/p>\n<div class=\"persona-info\">\n<h4>CHLO\u00c9 GUTKNECHT<\/h4>\n<p class=\"address3\">Saint-Prex<\/p>\n<\/div>\n<\/div>\n<p><!-- --------------------autre membre --><\/p>\n<div class=\"persona\">\n<p><img loading=\"lazy\" src=\"http:\/\/www.verts-vd.ch\/jeunesverts\/files\/2015\/07\/barrensedias_yara.jpg\" alt=\"\" width=\"142\" height=\"173\" \/><\/p>\n<div class=\"persona-info\">\n<h4>YARA BARRENSE-DIAS<\/h4>\n<p class=\"address3\">Nyon<\/p>\n<\/div>\n<\/div>\n<p><!-- --------------------fin membre --><\/p>\n<hr class=\"clear\" \/>\n<p><!-- retour \u00e0 la ligne forc\u00e9--><\/p>\n<!-- AddThis Advanced Settings generic via filter on the_content --><!-- AddThis Share Buttons generic via filter on the_content -->","protected":false},"excerpt":{"rendered":"<p>Prochaines actions de la campagne sept 2015 Soir\u00e9e &#8220;Ensemble pour l&#8217;ouverture&#8221; \u00e0 Cossonay\u00a0: 09\/09\/2015 20:00 &#8211; 23:00 #AperoVerts\u00a0: 10\/09\/2015 17:30 &#8211; 19:00 Clean-up day : Nettoyage \u00e0 l&#8217;embouchure de la Venoge\u00a0: 11\/09\/2015 18:00 &#8211; 20:00 Pour des rives plus propres : journ\u00e9e de ramassage des d\u00e9chets\u00a0: 11\/09\/2015 18:00 &#8211; 20:00 Journ\u00e9e contre le littering\u00a0: 11\/09\/2015 &hellip; <a href=\"https:\/\/www.verts-vd.ch\/jeunesverts\/ef2015\/\" class=\"more-link\">La suite <span class=\"meta-nav\">&rarr;<\/span><\/a><!-- AddThis Advanced Settings generic via filter on wp_trim_excerpt --><!-- AddThis Share Buttons generic via filter on wp_trim_excerpt --><\/p>\n","protected":false},"author":5,"featured_media":157,"parent":0,"menu_order":0,"comment_status":"open","ping_status":"open","template":"page-templates\/full-width-page.php","meta":{"spay_email":""},"yoast_head":"<!-- This site is optimized with the Yoast SEO plugin v15.5 - https:\/\/yoast.com\/wordpress\/plugins\/seo\/ -->\n<meta name=\"robots\" content=\"index, follow, max-snippet:-1, max-image-preview:large, max-video-preview:-1\" \/>\n<link rel=\"canonical\" href=\"http:\/\/www.verts-vd.ch\/jeunesverts\/ef2015\/\" \/>\n<meta property=\"og:locale\" content=\"fr_FR\" \/>\n<meta property=\"og:type\" content=\"article\" \/>\n<meta property=\"og:title\" content=\"Les Jeunes Vert-e-s au Conseil national - Jeunes Vert\u00b7e\u00b7s Vaudois\u00b7e\u00b7s\" \/>\n<meta property=\"og:description\" content=\"Prochaines actions de la campagne sept 2015 Soir\u00e9e &#8220;Ensemble pour l&#8217;ouverture&#8221; \u00e0 Cossonay\u00a0: 09\/09\/2015 20:00 &#8211; 23:00 #AperoVerts\u00a0: 10\/09\/2015 17:30 &#8211; 19:00 Clean-up day : Nettoyage \u00e0 l&#8217;embouchure de la Venoge\u00a0: 11\/09\/2015 18:00 &#8211; 20:00 Pour des rives plus propres : journ\u00e9e de ramassage des d\u00e9chets\u00a0: 11\/09\/2015 18:00 &#8211; 20:00 Journ\u00e9e contre le littering\u00a0: 11\/09\/2015 &hellip; La suite &rarr;\" \/>\n<meta property=\"og:url\" content=\"http:\/\/www.verts-vd.ch\/jeunesverts\/ef2015\/\" \/>\n<meta property=\"og:site_name\" content=\"Jeunes Vert\u00b7e\u00b7s Vaudois\u00b7e\u00b7s\" \/>\n<meta property=\"article:modified_time\" content=\"2015-09-11T17:13:37+00:00\" \/>\n<meta property=\"og:image\" content=\"https:\/\/www.verts-vd.ch\/jeunesverts\/files\/2015\/08\/18238912323_3d13523611_k-e1441780988942.jpg\" \/>\n\t<meta property=\"og:image:width\" content=\"1230\" \/>\n\t<meta property=\"og:image:height\" content=\"405\" \/>\n<meta name=\"twitter:card\" content=\"summary_large_image\" \/>\n<meta name=\"twitter:label1\" content=\"Dur\u00e9e de lecture est.\">\n\t<meta name=\"twitter:data1\" content=\"1 minute\">\n<script type=\"application\/ld+json\" class=\"yoast-schema-graph\">{\"@context\":\"https:\/\/schema.org\",\"@graph\":[{\"@type\":\"WebSite\",\"@id\":\"http:\/\/www.verts-vd.ch\/jeunesverts\/#website\",\"url\":\"http:\/\/www.verts-vd.ch\/jeunesverts\/\",\"name\":\"Jeunes Vert\\u00b7e\\u00b7s Vaudois\\u00b7e\\u00b7s\",\"description\":\"\",\"potentialAction\":[{\"@type\":\"SearchAction\",\"target\":\"http:\/\/www.verts-vd.ch\/jeunesverts\/?s={search_term_string}\",\"query-input\":\"required name=search_term_string\"}],\"inLanguage\":\"fr-FR\"},{\"@type\":\"ImageObject\",\"@id\":\"http:\/\/www.verts-vd.ch\/jeunesverts\/ef2015\/#primaryimage\",\"inLanguage\":\"fr-FR\",\"url\":\"https:\/\/www.verts-vd.ch\/jeunesverts\/files\/2015\/08\/18238912323_3d13523611_k-e1441780988942.jpg\",\"width\":1230,\"height\":405},{\"@type\":\"WebPage\",\"@id\":\"http:\/\/www.verts-vd.ch\/jeunesverts\/ef2015\/#webpage\",\"url\":\"http:\/\/www.verts-vd.ch\/jeunesverts\/ef2015\/\",\"name\":\"Les Jeunes Vert-e-s au Conseil national - Jeunes Vert\\u00b7e\\u00b7s Vaudois\\u00b7e\\u00b7s\",\"isPartOf\":{\"@id\":\"http:\/\/www.verts-vd.ch\/jeunesverts\/#website\"},\"primaryImageOfPage\":{\"@id\":\"http:\/\/www.verts-vd.ch\/jeunesverts\/ef2015\/#primaryimage\"},\"datePublished\":\"2015-08-13T10:04:05+00:00\",\"dateModified\":\"2015-09-11T17:13:37+00:00\",\"inLanguage\":\"fr-FR\",\"potentialAction\":[{\"@type\":\"ReadAction\",\"target\":[\"http:\/\/www.verts-vd.ch\/jeunesverts\/ef2015\/\"]}]}]}<\/script>\n<!-- \/ Yoast SEO plugin. -->","jetpack_shortlink":"https:\/\/wp.me\/P6KFv1-1F","_links":{"self":[{"href":"https:\/\/www.verts-vd.ch\/jeunesverts\/wp-json\/wp\/v2\/pages\/103"}],"collection":[{"href":"https:\/\/www.verts-vd.ch\/jeunesverts\/wp-json\/wp\/v2\/pages"}],"about":[{"href":"https:\/\/www.verts-vd.ch\/jeunesverts\/wp-json\/wp\/v2\/types\/page"}],"author":[{"embeddable":true,"href":"https:\/\/www.verts-vd.ch\/jeunesverts\/wp-json\/wp\/v2\/users\/5"}],"replies":[{"embeddable":true,"href":"https:\/\/www.verts-vd.ch\/jeunesverts\/wp-json\/wp\/v2\/comments?post=103"}],"version-history":[{"count":28,"href":"https:\/\/www.verts-vd.ch\/jeunesverts\/wp-json\/wp\/v2\/pages\/103\/revisions"}],"predecessor-version":[{"id":158,"href":"https:\/\/www.verts-vd.ch\/jeunesverts\/wp-json\/wp\/v2\/pages\/103\/revisions\/158"}],"wp:featuredmedia":[{"embeddable":true,"href":"https:\/\/www.verts-vd.ch\/jeunesverts\/wp-json\/wp\/v2\/media\/157"}],"wp:attachment":[{"href":"https:\/\/www.verts-vd.ch\/jeunesverts\/wp-json\/wp\/v2\/media?parent=103"}],"curies":[{"name":"wp","href":"https:\/\/api.w.org\/{rel}","templated":true}]}}