{"id":25,"date":"2015-06-24T15:02:29","date_gmt":"2015-06-24T14:02:29","guid":{"rendered":"http:\/\/www.verts-vd.ch\/jeunesverts\/?page_id=25"},"modified":"2015-06-27T22:01:59","modified_gmt":"2015-06-27T21:01:59","slug":"comite-et-assemblee-generale","status":"publish","type":"page","link":"http:\/\/www.verts-vd.ch\/jeunesverts\/organisation\/comite-et-assemblee-generale\/","title":{"rendered":"Comit\u00e9 et assembl\u00e9e g\u00e9n\u00e9rale"},"content":{"rendered":"<div class=\"page\" title=\"Page 2\">\n<div class=\"layoutArea\">\n<p>Le Comit\u00e9 organise les activit\u00e9s des JVVD,\u00a0propose des recommandations de vote pour les votations, pr\u00e9pare les actions et les listes pour les \u00e9lections et\u00a0d\u00e9signe, le cas \u00e9ch\u00e9ant, les d\u00e9l\u00e9gu\u00e9s \u00e0 d\u2019autres organisations.<\/p>\n<p class=\"column\">L&#8217;AG\u00a0regroupe l\u2019ensemble des membres inscrits. Elle vote\u00a0le programme \u00e0 la majorit\u00e9 des membres pr\u00e9sents, le rapport annuel, les comptes et les cotisations. Elle \u00e9lit \u00e9galement les listes pour les \u00e9lections o\u00f9 les Jeunes Vert-e-s pr\u00e9sentent leur propre liste.<\/p>\n<p class=\"column\">\n<\/div>\n<\/div>\n<p>Cette page rassemble, par ordre chronologique, les proc\u00e8s-verbaux des s\u00e9ances des jeunes Verts vaudois depuis l&#8217;\u00e9t\u00e9 2011. Les textes plus anciens sont disponibles sur demande.<\/p>\n<p class=\"bodytext\"><a href=\"http:\/\/www.verts-vd.ch\/fileadmin\/user_upload\/Jeunes_Verts\/Textes\/PV_JVVD_060515__1_.pdf\">6 mai 2015<\/a> &#8211; Assembl\u00e9e g\u00e9n\u00e9rale<\/p>\n<p class=\"bodytext\">13 avril 2015 &#8211; Assembl\u00e9e g\u00e9n\u00e9rale extraordinaire (\u00e9lection\u00a0des candidat-e-s pour les \u00e9lections f\u00e9d\u00e9rales)<\/p>\n<p class=\"bodytext\"><a href=\"http:\/\/www.verts-vd.ch\/fileadmin\/user_upload\/Jeunes_Verts\/Textes\/PV081014.pdf\">8 octobre 2014<\/a> &#8211; Comit\u00e9<\/p>\n<p class=\"bodytext\"><a href=\"http:\/\/www.verts-vd.ch\/fileadmin\/user_upload\/Jeunes_Verts\/Textes\/PV_comites_et_AG\/PV_du_16.09.14.pdf\">16 septembre 2014<\/a> &#8211; Comit\u00e9<\/p>\n<p class=\"bodytext\"><a href=\"http:\/\/www.verts-vd.ch\/fileadmin\/user_upload\/Jeunes_Verts\/Textes\/PV_JVVD_290614.pdf\">14 juin 2014<\/a>\u00a0&#8211;\u00a0Comit\u00e9<\/p>\n<p class=\"bodytext\"><a href=\"http:\/\/www.verts-vd.ch\/fileadmin\/user_upload\/Jeunes_Verts\/Textes\/PV_29.01.2014.pdf\">29 janvier 201<\/a>4\u00a0. Comit\u00e9<\/p>\n<p class=\"bodytext\"><a href=\"http:\/\/www.verts-vd.ch\/fileadmin\/user_upload\/Jeunes_Verts\/Textes\/P_15.12.2013.pdf\">15 d\u00e9cembre 2013<\/a> &#8211; Comit\u00e9<\/p>\n<p class=\"bodytext\"><a href=\"http:\/\/www.verts-vd.ch\/fileadmin\/user_upload\/Jeunes_Verts\/Textes\/PV_13.11.2013.pdf\">13 novembre 2013<\/a> &#8211; Comit\u00e9<\/p>\n<p class=\"bodytext\"><a href=\"http:\/\/www.verts-vd.ch\/fileadmin\/user_upload\/Jeunes_Verts\/Textes\/PV_09.10.13.pdf\">9 octobre 2013<\/a>\u00a0 &#8211; Comit\u00e9<\/p>\n<p class=\"bodytext\"><a href=\"http:\/\/www.verts-vd.ch\/fileadmin\/user_upload\/Jeunes_Verts\/Textes\/PVComite_06092013.pdf\">6 septembre 2013<\/a> &#8211; Comit\u00e9<\/p>\n<p class=\"bodytext\"><a href=\"http:\/\/www.verts-vd.ch\/fileadmin\/user_upload\/Jeunes_Verts\/Textes\/Comite___e__largi_JVVD_2_juillet_2013.pdf\">2 juillet 2013 <\/a>&#8211; Comit\u00e9<\/p>\n<p class=\"bodytext\"><a href=\"http:\/\/www.verts-vd.ch\/fileadmin\/user_upload\/Jeunes_Verts\/Textes\/PV_18.05.19_AG.pdf\">18 mai 2013<\/a> &#8211; Assembl\u00e9e G\u00e9n\u00e9rale<\/p>\n<p class=\"bodytext\"><a href=\"http:\/\/www.verts-vd.ch\/fileadmin\/user_upload\/Jeunes_Verts\/Textes\/PV_18.04.13.pdf\">18 avril 2013<\/a> &#8211; Comit\u00e9 (<a href=\"http:\/\/www.verts-vd.ch\/fileadmin\/user_upload\/Jeunes_Verts\/Textes\/CP_JeunesVerts_Votation9062013.pdf\">Prise de position sur les votations du 9 juin<\/a>)<\/p>\n<p class=\"bodytext\"><a href=\"http:\/\/www.verts-vd.ch\/fileadmin\/user_upload\/Jeunes_Verts\/Textes\/PV_se__ance_du_14_mars_2013.pdf\">14 mars 2013<\/a>\u00a0\u00a0&#8211; Comit\u00e9 (Choix du nouveau logo)<\/p>\n<p class=\"bodytext\"><a href=\"http:\/\/www.verts-vd.ch\/fileadmin\/user_upload\/Jeunes_Verts\/Textes\/PV_05.02.13.pdf\">5 f\u00e9vrier 2013<\/a> &#8211; Comit\u00e9 (prise de position sur les votations)<\/p>\n<p class=\"bodytext\"><a href=\"http:\/\/www.verts-vd.ch\/fileadmin\/user_upload\/Jeunes_Verts\/Textes\/PV_05_12_12.pdf\">5 d\u00e9cembre 2012<\/a> &#8211; Comit\u00e9<\/p>\n<p class=\"bodytext\"><a href=\"http:\/\/www.verts-vd.ch\/fileadmin\/user_upload\/Jeunes_Verts\/Textes\/PV_07_11_12.pdf\">7 novembre 2012<\/a> &#8211; Comit\u00e9<\/p>\n<p class=\"bodytext\"><a href=\"http:\/\/www.verts-vd.ch\/fileadmin\/user_upload\/Jeunes_Verts\/Textes\/PV_04.10.12.pdf\">4 octobre 2012<\/a> &#8211; Comit\u00e9<\/p>\n<p class=\"bodytext\"><a href=\"http:\/\/www.verts-vd.ch\/fileadmin\/user_upload\/Jeunes_Verts\/Textes\/PV_23042012.pdf\">23 avril 2012<\/a> &#8211; Comit\u00e9<\/p>\n<p class=\"bodytext\"><a href=\"http:\/\/www.verts-vd.ch\/fileadmin\/user_upload\/Jeunes_Verts\/Textes\/PV_19_03_2012.pdf\">19 mars 2012<\/a> &#8211; Comit\u00e9<\/p>\n<p class=\"bodytext\"><a href=\"http:\/\/www.verts-vd.ch\/fileadmin\/user_upload\/Jeunes_Verts\/Textes\/Jeunes_Vert_PV191211.pdf\">19 d\u00e9cembre 2011<\/a> &#8211; Comit\u00e9<\/p>\n<p class=\"bodytext\"><a href=\"http:\/\/www.verts-vd.ch\/fileadmin\/user_upload\/Jeunes_Verts\/Textes\/Pvcomite_13112011.pdf\">13 novembre 2011<\/a> &#8211; Comit\u00e9<\/p>\n<p class=\"bodytext\"><a href=\"http:\/\/www.verts-vd.ch\/fileadmin\/user_upload\/Jeunes_Verts\/Textes\/2011.09.05.Comite.pdf\">5 septembre 2011<\/a> &#8211; Comit\u00e9 (informations aux membres sur l&#8217;avanc\u00e9e de la campagne)<\/p>\n<p class=\"bodytext\"><a href=\"http:\/\/www.verts-vd.ch\/fileadmin\/user_upload\/Jeunes_Verts\/Textes\/2011.08.03.Comite.pdf\">3 ao\u00fbt 2011<\/a> &#8211; Comit\u00e9 (prises de position sur les votations)<\/p>\n<p class=\"bodytext\"><a href=\"http:\/\/www.verts-vd.ch\/fileadmin\/user_upload\/Jeunes_Verts\/Textes\/2011.05.24.AG.pdf\">24 mai 2011<\/a> &#8211;\u00a0Assembl\u00e9e g\u00e9n\u00e9rale (lancement d&#8217;une liste pour les \u00e9lections f\u00e9d\u00e9rales)<\/p>\n<!-- AddThis Advanced Settings generic via filter on the_content --><!-- AddThis Share Buttons generic via filter on the_content -->","protected":false},"excerpt":{"rendered":"<p>Le Comit\u00e9 organise les activit\u00e9s des JVVD,\u00a0propose des recommandations de vote pour les votations, pr\u00e9pare les actions et les listes pour les \u00e9lections et\u00a0d\u00e9signe, le cas \u00e9ch\u00e9ant, les d\u00e9l\u00e9gu\u00e9s \u00e0 d\u2019autres organisations. L&#8217;AG\u00a0regroupe l\u2019ensemble des membres inscrits. Elle vote\u00a0le programme \u00e0 la majorit\u00e9 des membres pr\u00e9sents, le rapport annuel, les comptes et les cotisations. Elle &hellip; <a href=\"http:\/\/www.verts-vd.ch\/jeunesverts\/organisation\/comite-et-assemblee-generale\/\" class=\"more-link\">La suite <span class=\"meta-nav\">&rarr;<\/span><\/a><!-- AddThis Advanced Settings generic via filter on wp_trim_excerpt --><!-- AddThis Share Buttons generic via filter on wp_trim_excerpt --><\/p>\n","protected":false},"author":5,"featured_media":0,"parent":11,"menu_order":0,"comment_status":"open","ping_status":"open","template":"","meta":{"spay_email":""},"yoast_head":"<!-- This site is optimized with the Yoast SEO plugin v15.5 - https:\/\/yoast.com\/wordpress\/plugins\/seo\/ -->\n<meta name=\"robots\" content=\"index, follow, max-snippet:-1, max-image-preview:large, max-video-preview:-1\" \/>\n<link rel=\"canonical\" href=\"https:\/\/www.verts-vd.ch\/jeunesverts\/organisation\/comite-et-assemblee-generale\/\" \/>\n<meta property=\"og:locale\" content=\"fr_FR\" \/>\n<meta property=\"og:type\" content=\"article\" \/>\n<meta property=\"og:title\" content=\"Comit\u00e9 et assembl\u00e9e g\u00e9n\u00e9rale - Jeunes Vert\u00b7e\u00b7s Vaudois\u00b7e\u00b7s\" \/>\n<meta property=\"og:description\" content=\"Le Comit\u00e9 organise les activit\u00e9s des JVVD,\u00a0propose des recommandations de vote pour les votations, pr\u00e9pare les actions et les listes pour les \u00e9lections et\u00a0d\u00e9signe, le cas \u00e9ch\u00e9ant, les d\u00e9l\u00e9gu\u00e9s \u00e0 d\u2019autres organisations. L&#8217;AG\u00a0regroupe l\u2019ensemble des membres inscrits. Elle vote\u00a0le programme \u00e0 la majorit\u00e9 des membres pr\u00e9sents, le rapport annuel, les comptes et les cotisations. Elle &hellip; La suite &rarr;\" \/>\n<meta property=\"og:url\" content=\"https:\/\/www.verts-vd.ch\/jeunesverts\/organisation\/comite-et-assemblee-generale\/\" \/>\n<meta property=\"og:site_name\" content=\"Jeunes Vert\u00b7e\u00b7s Vaudois\u00b7e\u00b7s\" \/>\n<meta property=\"article:modified_time\" content=\"2015-06-27T21:01:59+00:00\" \/>\n<meta name=\"twitter:card\" content=\"summary_large_image\" \/>\n<meta name=\"twitter:label1\" content=\"Dur\u00e9e de lecture est.\">\n\t<meta name=\"twitter:data1\" content=\"1 minute\">\n<script type=\"application\/ld+json\" class=\"yoast-schema-graph\">{\"@context\":\"https:\/\/schema.org\",\"@graph\":[{\"@type\":\"WebSite\",\"@id\":\"http:\/\/www.verts-vd.ch\/jeunesverts\/#website\",\"url\":\"http:\/\/www.verts-vd.ch\/jeunesverts\/\",\"name\":\"Jeunes Vert\\u00b7e\\u00b7s Vaudois\\u00b7e\\u00b7s\",\"description\":\"\",\"potentialAction\":[{\"@type\":\"SearchAction\",\"target\":\"http:\/\/www.verts-vd.ch\/jeunesverts\/?s={search_term_string}\",\"query-input\":\"required name=search_term_string\"}],\"inLanguage\":\"fr-FR\"},{\"@type\":\"WebPage\",\"@id\":\"https:\/\/www.verts-vd.ch\/jeunesverts\/organisation\/comite-et-assemblee-generale\/#webpage\",\"url\":\"https:\/\/www.verts-vd.ch\/jeunesverts\/organisation\/comite-et-assemblee-generale\/\",\"name\":\"Comit\\u00e9 et assembl\\u00e9e g\\u00e9n\\u00e9rale - Jeunes Vert\\u00b7e\\u00b7s Vaudois\\u00b7e\\u00b7s\",\"isPartOf\":{\"@id\":\"http:\/\/www.verts-vd.ch\/jeunesverts\/#website\"},\"datePublished\":\"2015-06-24T14:02:29+00:00\",\"dateModified\":\"2015-06-27T21:01:59+00:00\",\"inLanguage\":\"fr-FR\",\"potentialAction\":[{\"@type\":\"ReadAction\",\"target\":[\"https:\/\/www.verts-vd.ch\/jeunesverts\/organisation\/comite-et-assemblee-generale\/\"]}]}]}<\/script>\n<!-- \/ Yoast SEO plugin. -->","jetpack_shortlink":"https:\/\/wp.me\/P6KFv1-p","_links":{"self":[{"href":"http:\/\/www.verts-vd.ch\/jeunesverts\/wp-json\/wp\/v2\/pages\/25"}],"collection":[{"href":"http:\/\/www.verts-vd.ch\/jeunesverts\/wp-json\/wp\/v2\/pages"}],"about":[{"href":"http:\/\/www.verts-vd.ch\/jeunesverts\/wp-json\/wp\/v2\/types\/page"}],"author":[{"embeddable":true,"href":"http:\/\/www.verts-vd.ch\/jeunesverts\/wp-json\/wp\/v2\/users\/5"}],"replies":[{"embeddable":true,"href":"http:\/\/www.verts-vd.ch\/jeunesverts\/wp-json\/wp\/v2\/comments?post=25"}],"version-history":[{"count":4,"href":"http:\/\/www.verts-vd.ch\/jeunesverts\/wp-json\/wp\/v2\/pages\/25\/revisions"}],"predecessor-version":[{"id":73,"href":"http:\/\/www.verts-vd.ch\/jeunesverts\/wp-json\/wp\/v2\/pages\/25\/revisions\/73"}],"up":[{"embeddable":true,"href":"http:\/\/www.verts-vd.ch\/jeunesverts\/wp-json\/wp\/v2\/pages\/11"}],"wp:attachment":[{"href":"http:\/\/www.verts-vd.ch\/jeunesverts\/wp-json\/wp\/v2\/media?parent=25"}],"curies":[{"name":"wp","href":"https:\/\/api.w.org\/{rel}","templated":true}]}}