{"id":15,"date":"2015-06-24T14:50:45","date_gmt":"2015-06-24T13:50:45","guid":{"rendered":"http:\/\/www.verts-vd.ch\/jeunesverts\/?page_id=15"},"modified":"2015-06-27T21:51:02","modified_gmt":"2015-06-27T20:51:02","slug":"actions","status":"publish","type":"page","link":"http:\/\/www.verts-vd.ch\/jeunesverts\/actions\/","title":{"rendered":"Actions"},"content":{"rendered":"<h1>Initiative contre le mitage du territoire<\/h1>\n<p><img loading=\"lazy\" class=\"alignright  wp-image-37\" src=\"http:\/\/www.verts-vd.ch\/jeunesverts\/files\/2015\/06\/stop_mitage-300x140.jpg\" alt=\"stop_mitage\" width=\"381\" height=\"178\" \/>Toutes les 45 minutes, une maison familiale est construite. Chaque jour, l\u0092\u00e9quivalent de 15 terrains de football en surface verte est victime du b\u00e9tonnage d\u00e9sordonn\u00e9. Le mitage du territoire augmente sans retenue, car m\u00eame dans la loi sur l\u0092am\u00e9nagement du territoire, aucune mesure efficace n\u0092y est mentionn\u00e9e. Dans les derni\u00e8res 50 ann\u00e9es en Suisse, on a monopolis\u00e9 autant de surface \u00e0 des fins d\u0092urbanisation que depuis la s\u00e9dentarisation de l\u0092Homme jusqu\u0092&#8217;au milieu du 20i\u00e8me\u00a0si\u00e8cle. Autrement dit, le mitage du territoire a augment\u00e9 de 155% entre 1935 et 2012, alors que la population r\u00e9sidente pour cette m\u00eame p\u00e9riode n\u0092a progress\u00e9 que de 76%. C&#8217;est pourquoi les Jeunes Vert-e-s ont lanc\u00e9 leur initiative contre le mitage du territoire.<\/p>\n<h3 class=\"bodytext\">Des quartiers durables<\/h3>\n<p class=\"bodytext\">Aujourd\u0092hui, la construction de quartiers durables n\u00e9cessite en partie des zones \u00e0 affectation particuli\u00e8re et une s\u00e9rie de d\u00e9rogations (p. ex. l\u0092obligation d\u0092am\u00e9nager des places de stationnement). Cela complique consid\u00e9rablement la construction. Gr\u00e2ce \u00e0 l\u0092initiative, les obstacles administratifs aux quartiers durables peuvent \u00eatre \u00e9limin\u00e9s et ces derniers peuvent m\u00eame devenir des constructions privil\u00e9gi\u00e9es.<\/p>\n<p class=\"bodytext\">Aussi longtemps que le d\u00e9classement continuera, on n\u0092incitera pas \u00e0 densifier \u00e0 l\u0092int\u00e9rieur du b\u00e2ti. Le mitage du territoire ne fera qu\u0092avancer. L\u0092initiative exige de mettre un terme au d\u00e9classement des zones \u00e0 b\u00e2tir. Cela signifie que la quantit\u00e9 totale de zones de construction reste constante. Les communes peuvent n\u00e9anmoins compenser entre elles les terrains constructibles. Cela garantie de pouvoir d\u00e9ployer les r\u00e9serves de terrains \u00e0 b\u00e2tir, l\u00e0 o\u00f9 on en a besoin.La fermeture des zones \u00e0 b\u00e2tir<\/p>\n<h3 class=\"bodytext\">Construire en dehors des zones \u00e0 b\u00e2tir<\/h3>\n<p class=\"bodytext\">Pour que l\u0092on n\u0092autorise plus aucune construction en dehors des zones \u00e0 b\u00e2tir, des r\u00e8gles claires doivent \u00eatre appliqu\u00e9es. Les constructions agricoles, comme les constructions s\u0092imposant par leur destination d\u0092int\u00e9r\u00eat public (par exemple les cabanes du CAS, les observatoires astronomiques, les r\u00e9servoirs d\u0092eau etc.), sont encore et toujours r\u00e9alisables. Les constructions existantes (p. ex. un restaurant de montagne) ont le droit d\u0092\u00eatre maintenues, m\u00eame en cas de renouvellement.<\/p>\n<h3>Le sur\u00e9l\u00e8vement<\/h3>\n<p class=\"bodytext\">Actuellement, la densification \u00e0 l\u0092int\u00e9rieur du b\u00e2ti est souvent interdite. Au travers de l\u0092initiative, une sur\u00e9l\u00e9vation mod\u00e9r\u00e9e devrait \u00eatre rendue possible, en particulier dans les zones \u00e0 faible densit\u00e9 et \u00e0 l\u0092exception des constructions particuli\u00e8rement dignes de protection (p. ex. les b\u00e2timents historiques). L\u0092initiative privil\u00e9gie \u00e9galement la densification pr\u00e9servant ou am\u00e9liorant la qualit\u00e9 de vie. Par cons\u00e9quent, il ne doit pas en r\u00e9sulter des d\u00e9serts de b\u00e9ton, mais des quartiers vivants avec un esprit de bon voisinage, c\u0092est-\u00e0-dire des quartiers durables.<\/p>\n<p class=\"bodytext\"><a href=\"http:\/\/stop-mitage.ch\/\"><strong>Plus d&#8217;information sur les site web stop-mitage.ch<\/strong><\/a><\/p>\n<h1>P\u00e9tition &#8220;Inscription du climat suisse au patrimoine mondial de l&#8217;UNESCO&#8221;<\/h1>\n<p>Pour l&#8217;inscription du climat suisse au patrimoine mondial de l&#8217;UNESCO, signez notre p\u00e9tition\u00a0<a href=\"http:\/\/www.petitionclimat.ch\/\">ici<\/a>!<\/p>\n<h1>Initiative &#8220;Pour un revenu inconditionnel de base&#8221;<\/h1>\n<p>Le revenu de base accorde \u00e0 chaque personne l\u00e9galement \u00e9tablie dans le pays le droit \u00e0 une existence \u00e9conomique digne. Nul ne pourra plus \u00eatre dans la pr\u00e9carit\u00e9 ni marginalis\u00e9 parce qu&#8217;il n\u0092a pas un revenu suffisant. Pour soutenir cette initiative, signez ici!<\/p>\n<h1>Initiative &#8220;efficacit\u00e9 \u00e9lectrique&#8221;:<\/h1>\n<p>Alors que le Conseil F\u00e9d\u00e9ral a indiqu\u00e9 vouloir enfin sortir du nucl\u00e9aire, cette initiative vise \u00e0 avoir la m\u00eame consommation \u00e9lectrique en 2035 qu&#8217;en 2011 en Suisse. C&#8217;est un objectif minimum indispensable si nous voulons fonder une soci\u00e9t\u00e9 avec une base \u00e9nerg\u00e9tique sens\u00e9e. Pour nous aider \u00e0 allier \u00e9nergie renouvelables et \u00e9conomie d&#8217;\u00e9nergie, signer ici\u00a0et faites signer l&#8217;initiative!<\/p>\n<h1>P\u00e9tition pour l&#8217;interdiction d\u00e9finitive des OGM en Suisse<\/h1>\n<p>Non \u00e0 l&#8217;entr\u00e9e des OGM dans notre pays, ces produits contre nature n&#8217;ont rien \u00e0 faire dans nos cultures, opposons-nous \u00e0 leur acceptation par le Conseil F\u00e9d\u00e9ral! Signez ici!<\/p>\n<h1><\/h1>\n<h1>P\u00e9tition &#8220;Pour un financement des partis transparent, r\u00e9glement\u00e9 et juste&#8221; de la Jeunesse Socialiste Vaudoise<\/h1>\n<p>Pour plus de transparence dans le financement des partis, car ils se doivent de repr\u00e9senter une d\u00e9mocratie juste et ne peuvent donc pas se permettre tous les financements imaginables, sans r\u00e9glementation. Signez la p\u00e9tition!<\/p>\n<p>Lien vers la p\u00e9tition:<a href=\"https:\/\/www.change.org\/fr\/p%C3%A9titions\/aux-d%C3%A9put%C3%A9es-et-d%C3%A9put%C3%A9s-du-grand-conseil-vaudois-pour-un-financement-des-partis-r%C3%A9glement%C3%A9-transparent-et-juste\"> ici<\/a><\/p>\n<h1>P\u00e9tition &#8220;Pour le remboursement des primes d&#8217;assurance maladie pay\u00e9es en trop&#8221; de AVIVO Suisse.<\/h1>\n<p>Pour le remboursement des 2 milliards pay\u00e9s en trop par les assur\u00e9s de 9 cantons, dont le canton de Vaud, pour les r\u00e9serves de l&#8217;assurance maladie obligatoire! Exigeons le remboursement de ces primes et ne les perdons pas, signez la p\u00e9tition!<\/p>\n<p>Lien vers la p\u00e9tition: <a href=\"http:\/\/www.psvaud.ch\/petition\/\">ici<\/a><\/p>\n<!-- AddThis Advanced Settings generic via filter on the_content --><!-- AddThis Share Buttons generic via filter on the_content -->","protected":false},"excerpt":{"rendered":"<p>Initiative contre le mitage du territoire Toutes les 45 minutes, une maison familiale est construite. Chaque jour, l\u0092\u00e9quivalent de 15 terrains de football en surface verte est victime du b\u00e9tonnage d\u00e9sordonn\u00e9. Le mitage du territoire augmente sans retenue, car m\u00eame dans la loi sur l\u0092am\u00e9nagement du territoire, aucune mesure efficace n\u0092y est mentionn\u00e9e. Dans les &hellip; <a href=\"http:\/\/www.verts-vd.ch\/jeunesverts\/actions\/\" class=\"more-link\">La suite <span class=\"meta-nav\">&rarr;<\/span><\/a><!-- AddThis Advanced Settings generic via filter on wp_trim_excerpt --><!-- AddThis Share Buttons generic via filter on wp_trim_excerpt --><\/p>\n","protected":false},"author":5,"featured_media":0,"parent":0,"menu_order":0,"comment_status":"open","ping_status":"open","template":"","meta":{"spay_email":""},"yoast_head":"<!-- This site is optimized with the Yoast SEO plugin v15.5 - https:\/\/yoast.com\/wordpress\/plugins\/seo\/ -->\n<meta name=\"robots\" content=\"index, follow, max-snippet:-1, max-image-preview:large, max-video-preview:-1\" \/>\n<link rel=\"canonical\" href=\"http:\/\/www.verts-vd.ch\/jeunesverts\/actions\/\" \/>\n<meta property=\"og:locale\" content=\"fr_FR\" \/>\n<meta property=\"og:type\" content=\"article\" \/>\n<meta property=\"og:title\" content=\"Actions - Jeunes Vert\u00b7e\u00b7s Vaudois\u00b7e\u00b7s\" \/>\n<meta property=\"og:description\" content=\"Initiative contre le mitage du territoire Toutes les 45 minutes, une maison familiale est construite. Chaque jour, l\u0092\u00e9quivalent de 15 terrains de football en surface verte est victime du b\u00e9tonnage d\u00e9sordonn\u00e9. Le mitage du territoire augmente sans retenue, car m\u00eame dans la loi sur l\u0092am\u00e9nagement du territoire, aucune mesure efficace n\u0092y est mentionn\u00e9e. Dans les &hellip; La suite &rarr;\" \/>\n<meta property=\"og:url\" content=\"http:\/\/www.verts-vd.ch\/jeunesverts\/actions\/\" \/>\n<meta property=\"og:site_name\" content=\"Jeunes Vert\u00b7e\u00b7s Vaudois\u00b7e\u00b7s\" \/>\n<meta property=\"article:modified_time\" content=\"2015-06-27T20:51:02+00:00\" \/>\n<meta property=\"og:image\" content=\"http:\/\/www.verts-vd.ch\/jeunesverts\/files\/2015\/06\/stop_mitage-300x140.jpg\" \/>\n<meta name=\"twitter:card\" content=\"summary_large_image\" \/>\n<meta name=\"twitter:label1\" content=\"Dur\u00e9e de lecture est.\">\n\t<meta name=\"twitter:data1\" content=\"3 minutes\">\n<script type=\"application\/ld+json\" class=\"yoast-schema-graph\">{\"@context\":\"https:\/\/schema.org\",\"@graph\":[{\"@type\":\"WebSite\",\"@id\":\"http:\/\/www.verts-vd.ch\/jeunesverts\/#website\",\"url\":\"http:\/\/www.verts-vd.ch\/jeunesverts\/\",\"name\":\"Jeunes Vert\\u00b7e\\u00b7s Vaudois\\u00b7e\\u00b7s\",\"description\":\"\",\"potentialAction\":[{\"@type\":\"SearchAction\",\"target\":\"http:\/\/www.verts-vd.ch\/jeunesverts\/?s={search_term_string}\",\"query-input\":\"required name=search_term_string\"}],\"inLanguage\":\"fr-FR\"},{\"@type\":\"ImageObject\",\"@id\":\"http:\/\/www.verts-vd.ch\/jeunesverts\/actions\/#primaryimage\",\"inLanguage\":\"fr-FR\",\"url\":\"http:\/\/www.verts-vd.ch\/jeunesverts\/files\/2015\/06\/stop_mitage-300x140.jpg\"},{\"@type\":\"WebPage\",\"@id\":\"http:\/\/www.verts-vd.ch\/jeunesverts\/actions\/#webpage\",\"url\":\"http:\/\/www.verts-vd.ch\/jeunesverts\/actions\/\",\"name\":\"Actions - Jeunes Vert\\u00b7e\\u00b7s Vaudois\\u00b7e\\u00b7s\",\"isPartOf\":{\"@id\":\"http:\/\/www.verts-vd.ch\/jeunesverts\/#website\"},\"primaryImageOfPage\":{\"@id\":\"http:\/\/www.verts-vd.ch\/jeunesverts\/actions\/#primaryimage\"},\"datePublished\":\"2015-06-24T13:50:45+00:00\",\"dateModified\":\"2015-06-27T20:51:02+00:00\",\"inLanguage\":\"fr-FR\",\"potentialAction\":[{\"@type\":\"ReadAction\",\"target\":[\"http:\/\/www.verts-vd.ch\/jeunesverts\/actions\/\"]}]}]}<\/script>\n<!-- \/ Yoast SEO plugin. -->","jetpack_shortlink":"https:\/\/wp.me\/P6KFv1-f","_links":{"self":[{"href":"http:\/\/www.verts-vd.ch\/jeunesverts\/wp-json\/wp\/v2\/pages\/15"}],"collection":[{"href":"http:\/\/www.verts-vd.ch\/jeunesverts\/wp-json\/wp\/v2\/pages"}],"about":[{"href":"http:\/\/www.verts-vd.ch\/jeunesverts\/wp-json\/wp\/v2\/types\/page"}],"author":[{"embeddable":true,"href":"http:\/\/www.verts-vd.ch\/jeunesverts\/wp-json\/wp\/v2\/users\/5"}],"replies":[{"embeddable":true,"href":"http:\/\/www.verts-vd.ch\/jeunesverts\/wp-json\/wp\/v2\/comments?post=15"}],"version-history":[{"count":8,"href":"http:\/\/www.verts-vd.ch\/jeunesverts\/wp-json\/wp\/v2\/pages\/15\/revisions"}],"predecessor-version":[{"id":70,"href":"http:\/\/www.verts-vd.ch\/jeunesverts\/wp-json\/wp\/v2\/pages\/15\/revisions\/70"}],"wp:attachment":[{"href":"http:\/\/www.verts-vd.ch\/jeunesverts\/wp-json\/wp\/v2\/media?parent=15"}],"curies":[{"name":"wp","href":"https:\/\/api.w.org\/{rel}","templated":true}]}}