{"id":9,"date":"2017-03-08T11:01:57","date_gmt":"2017-03-08T10:01:57","guid":{"rendered":"http:\/\/www.verts-vd.ch\/gazdeschiste\/?page_id=9"},"modified":"2017-06-30T11:44:07","modified_gmt":"2017-06-30T09:44:07","slug":"pour-un-canton-de-vaud-sans-hydrocarbures","status":"publish","type":"page","link":"http:\/\/www.verts-vd.ch\/gazdeschiste\/","title":{"rendered":""},"content":{"rendered":"<h2 style=\"text-align: center;\"><img data-attachment-id=\"79\" data-permalink=\"http:\/\/www.verts-vd.ch\/gazdeschiste\/pour-un-canton-de-vaud-sans-hydrocarbures\/stop-forages_logo_nb-3\/#main\" data-orig-file=\"https:\/\/i0.wp.com\/www.verts-vd.ch\/gazdeschiste\/files\/2017\/03\/stop-forages_Logo_nb-2.png?fit=662%2C523\" data-orig-size=\"662,523\" data-comments-opened=\"1\" data-image-meta=\"{&quot;aperture&quot;:&quot;0&quot;,&quot;credit&quot;:&quot;&quot;,&quot;camera&quot;:&quot;&quot;,&quot;caption&quot;:&quot;&quot;,&quot;created_timestamp&quot;:&quot;0&quot;,&quot;copyright&quot;:&quot;&quot;,&quot;focal_length&quot;:&quot;0&quot;,&quot;iso&quot;:&quot;0&quot;,&quot;shutter_speed&quot;:&quot;0&quot;,&quot;title&quot;:&quot;&quot;,&quot;orientation&quot;:&quot;0&quot;}\" data-image-title=\"stop forages_Logo_nb\" data-image-description=\"\" data-medium-file=\"https:\/\/i0.wp.com\/www.verts-vd.ch\/gazdeschiste\/files\/2017\/03\/stop-forages_Logo_nb-2.png?fit=300%2C237\" data-large-file=\"https:\/\/i0.wp.com\/www.verts-vd.ch\/gazdeschiste\/files\/2017\/03\/stop-forages_Logo_nb-2.png?fit=600%2C474\" loading=\"lazy\" class=\"alignnone wp-image-79\" src=\"https:\/\/i0.wp.com\/www.verts-vd.ch\/gazdeschiste\/files\/2017\/03\/stop-forages_Logo_nb-2.png?resize=178%2C141\" alt=\"\" width=\"178\" height=\"141\" srcset=\"https:\/\/i0.wp.com\/www.verts-vd.ch\/gazdeschiste\/files\/2017\/03\/stop-forages_Logo_nb-2.png?resize=300%2C237 300w, https:\/\/i0.wp.com\/www.verts-vd.ch\/gazdeschiste\/files\/2017\/03\/stop-forages_Logo_nb-2.png?w=662 662w\" sizes=\"(max-width: 178px) 100vw, 178px\" data-recalc-dims=\"1\" \/><\/h2>\n<h2 style=\"text-align: center;\"><span style=\"color: #99cc00;\"><strong>Pourquoi une initiative<\/strong><\/span><\/h2>\n<h2 style=\"text-align: center;\"><span style=\"color: #99cc00;\"><strong>contre l&#8217;extraction des hydrocarbures ?<\/strong><\/span><\/h2>\n<p style=\"text-align: center;\"><span style=\"color: #99cc00;\">POUR<\/span> \u00e9viter des risques de pollution massive de nos ressources en eau<\/p>\n<p style=\"text-align: center;\"><span style=\"color: #99cc00;\">POUR<\/span> prot\u00e9ger notre paysage et notre environnement<\/p>\n<p style=\"text-align: center;\"><span style=\"color: #99cc00;\">POUR <span style=\"color: #000000;\">interdire une technologie dangereuse et d\u00e9pass\u00e9e<\/span><\/span><\/p>\n<p style=\"text-align: center;\"><span style=\"color: #99cc00;\">POUR <span style=\"color: #000000;\">entamer r\u00e9solument le virage du renouvelable<\/span><\/span><\/p>\n<h4 style=\"text-align: left;\">Plus de 15&#8217;000 signatures ont \u00e9t\u00e9 r\u00e9colt\u00e9es. Les 12&#8217;000 signatures n\u00e9cessaires ont \u00e9t\u00e9 valid\u00e9es. Elles seront d\u00e9pos\u00e9es le 24 juillet \u00e0 11h aupr\u00e8s de l&#8217;administration cantonale.<\/h4>\n<p><a href=\"http:\/\/www.verts-vd.ch\/blog\/2017\/06\/pres-de-15000-signatures-pour-un-canton-de-vaud-libere-de-la-menace-de-lextraction-dhydrocarbures\/\">Le communiqu\u00e9 de presse du 14 juin 2017<\/a><\/p>\n<p style=\"text-align: left;\"><strong>Ils soutiennent l&#8217;initiative :<\/strong><\/p>\n<p style=\"text-align: left;\"><em>L&#8217;initiative est soutenue par l&#8217;ATE, Grand-parents pour le Climat, Greenpeace Vaud, Halte aux forages, Pro Natura Vaud, le Parti socialiste vaudois, solidarit\u00e9S et le WWF Vaud.<\/em><\/p>\n<!-- AddThis Advanced Settings generic via filter on the_content --><!-- AddThis Share Buttons generic via filter on the_content -->","protected":false},"excerpt":{"rendered":"<p>Pourquoi une initiative contre l&#8217;extraction des hydrocarbures ? POUR \u00e9viter des risques de pollution massive de nos ressources en eau POUR prot\u00e9ger notre paysage et notre environnement POUR interdire une technologie dangereuse et d\u00e9pass\u00e9e POUR entamer r\u00e9solument le virage du renouvelable Plus de 15&#8217;000 signatures ont \u00e9t\u00e9 r\u00e9colt\u00e9es. Les 12&#8217;000 signatures n\u00e9cessaires ont \u00e9t\u00e9 valid\u00e9es. &hellip; <a href=\"http:\/\/www.verts-vd.ch\/gazdeschiste\/\" class=\"more-link\">La suite <span class=\"meta-nav\">&rarr;<\/span><\/a><!-- AddThis Advanced Settings generic via filter on wp_trim_excerpt --><!-- AddThis Share Buttons generic via filter on wp_trim_excerpt --><\/p>\n","protected":false},"author":5,"featured_media":60,"parent":0,"menu_order":0,"comment_status":"closed","ping_status":"closed","template":"","meta":{"spay_email":""},"yoast_head":"<!-- This site is optimized with the Yoast SEO plugin v15.5 - https:\/\/yoast.com\/wordpress\/plugins\/seo\/ -->\n<meta name=\"robots\" content=\"index, follow, max-snippet:-1, max-image-preview:large, max-video-preview:-1\" \/>\n<link rel=\"canonical\" href=\"http:\/\/www.verts-vd.ch\/gazdeschiste\/\" \/>\n<meta property=\"og:locale\" content=\"fr_FR\" \/>\n<meta property=\"og:type\" content=\"article\" \/>\n<meta property=\"og:title\" content=\"- Pour un canton de Vaud sans hydrocarbures\" \/>\n<meta property=\"og:description\" content=\"Pourquoi une initiative contre l&#8217;extraction des hydrocarbures ? POUR \u00e9viter des risques de pollution massive de nos ressources en eau POUR prot\u00e9ger notre paysage et notre environnement POUR interdire une technologie dangereuse et d\u00e9pass\u00e9e POUR entamer r\u00e9solument le virage du renouvelable Plus de 15&#8217;000 signatures ont \u00e9t\u00e9 r\u00e9colt\u00e9es. Les 12&#8217;000 signatures n\u00e9cessaires ont \u00e9t\u00e9 valid\u00e9es. &hellip; La suite &rarr;\" \/>\n<meta property=\"og:url\" content=\"http:\/\/www.verts-vd.ch\/gazdeschiste\/\" \/>\n<meta property=\"og:site_name\" content=\"Pour un canton de Vaud sans hydrocarbures\" \/>\n<meta property=\"article:modified_time\" content=\"2017-06-30T09:44:07+00:00\" \/>\n<meta property=\"og:image\" content=\"https:\/\/i2.wp.com\/www.verts-vd.ch\/gazdeschiste\/files\/2017\/03\/non-gazdeschiste-bandeau.png?fit=1230%2C336\" \/>\n\t<meta property=\"og:image:width\" content=\"1230\" \/>\n\t<meta property=\"og:image:height\" content=\"336\" \/>\n<meta name=\"twitter:card\" content=\"summary\" \/>\n<meta name=\"twitter:label1\" content=\"Dur\u00e9e de lecture est.\">\n\t<meta name=\"twitter:data1\" content=\"0 minute\">\n<script type=\"application\/ld+json\" class=\"yoast-schema-graph\">{\"@context\":\"https:\/\/schema.org\",\"@graph\":[{\"@type\":\"WebSite\",\"@id\":\"http:\/\/www.verts-vd.ch\/gazdeschiste\/#website\",\"url\":\"http:\/\/www.verts-vd.ch\/gazdeschiste\/\",\"name\":\"Pour un canton de Vaud sans hydrocarbures\",\"description\":\"Initiative populaire des Verts Vaudois\",\"potentialAction\":[{\"@type\":\"SearchAction\",\"target\":\"http:\/\/www.verts-vd.ch\/gazdeschiste\/?s={search_term_string}\",\"query-input\":\"required name=search_term_string\"}],\"inLanguage\":\"fr-FR\"},{\"@type\":\"ImageObject\",\"@id\":\"http:\/\/www.verts-vd.ch\/gazdeschiste\/#primaryimage\",\"inLanguage\":\"fr-FR\",\"url\":\"https:\/\/i2.wp.com\/www.verts-vd.ch\/gazdeschiste\/files\/2017\/03\/non-gazdeschiste-bandeau.png?fit=1230%2C336\",\"width\":1230,\"height\":336},{\"@type\":\"WebPage\",\"@id\":\"http:\/\/www.verts-vd.ch\/gazdeschiste\/#webpage\",\"url\":\"http:\/\/www.verts-vd.ch\/gazdeschiste\/\",\"name\":\"- Pour un canton de Vaud sans hydrocarbures\",\"isPartOf\":{\"@id\":\"http:\/\/www.verts-vd.ch\/gazdeschiste\/#website\"},\"primaryImageOfPage\":{\"@id\":\"http:\/\/www.verts-vd.ch\/gazdeschiste\/#primaryimage\"},\"datePublished\":\"2017-03-08T10:01:57+00:00\",\"dateModified\":\"2017-06-30T09:44:07+00:00\",\"inLanguage\":\"fr-FR\",\"potentialAction\":[{\"@type\":\"ReadAction\",\"target\":[\"http:\/\/www.verts-vd.ch\/gazdeschiste\/\"]}]}]}<\/script>\n<!-- \/ Yoast SEO plugin. -->","jetpack_shortlink":"https:\/\/wp.me\/P8w1k2-9","jetpack-related-posts":[{"id":23,"url":"http:\/\/www.verts-vd.ch\/gazdeschiste\/argumentaire\/","url_meta":{"origin":9,"position":0},"title":"Argumentaire","date":"8 mars 2017","format":false,"excerpt":"CONTEXTE Le sous-sol du canton de Vaud, du Jura jusqu\u2019aux Pr\u00e9alpes, a un potentiel en hydrocarbures (gaz de schiste, p\u00e9trole, etc), avec \u00e0 la cl\u00e9 les pires m\u00e9thodes d\u2019extraction, telles que le fracking. \u00a0\u00a0\u00a0\u00a0\u00a0\u00a0\u00a0\u00a0\u00a0\u00a0\u00a0\u00a0\u00a0\u00a0\u00a0\u00a0\u00a0\u00a0 Actuellement\u2026 \u2026des forages exploratoires sont d\u00e9j\u00e0 en cours, \u00e0 Noville sous le Lac L\u00e9man, et dans\u2026","rel":"","context":"Article similaire","img":{"alt_text":"","src":"https:\/\/i1.wp.com\/www.verts-vd.ch\/gazdeschiste\/files\/2017\/03\/non-gazdeschiste-bandeau-ss-texte.png?fit=1200%2C328&resize=350%2C200","width":350,"height":200},"classes":[]},{"id":15,"url":"http:\/\/www.verts-vd.ch\/gazdeschiste\/sengager\/","url_meta":{"origin":9,"position":1},"title":"S'engager","date":"8 mars 2017","format":false,"excerpt":"Vous souhaitez r\u00e9colter des signatures dans votre r\u00e9gion? Vous avez deux solutions: Soit t\u00e9l\u00e9chargez, imprimez la feuille de signature ici et renvoyez la feuille sign\u00e9e (m\u00eame incompl\u00e8te) au plus vite \u00e0 Initiative \u00ab Pour un canton de Vaud sans extraction d\u2019hydrocarbures\u00a0\u00bb, Palud 7 - 1003 Lausanne. Soit inscrivez vous \u00e0\u2026","rel":"","context":"Article similaire","img":{"alt_text":"","src":"https:\/\/i1.wp.com\/www.verts-vd.ch\/gazdeschiste\/files\/2017\/03\/non-gazdeschiste-bandeau-ss-texte.png?fit=1200%2C328&resize=350%2C200","width":350,"height":200},"classes":[]},{"id":11,"url":"http:\/\/www.verts-vd.ch\/gazdeschiste\/initiative\/","url_meta":{"origin":9,"position":2},"title":"L'initiative","date":"8 mars 2017","format":false,"excerpt":"R\u00e9vision de la Constitution cantonale (Initiative populaire) \u00a0 Art 56a (nouveau) Ressources \u00e9nerg\u00e9tiques du sous-sol\u00a0 1 L\u2019Etat veille \u00e0 une exploitation des ressources \u00e9nerg\u00e9tiques du sous-sol rationnelle, \u00e9conome et respectueuse de l\u2019environnement. 2 La prospection, l'exploration et l\u2019extraction des hydrocarbures sont interdites sur le territoire du canton de Vaud \u00a0\u2026","rel":"","context":"Article similaire","img":{"alt_text":"","src":"https:\/\/i1.wp.com\/www.verts-vd.ch\/gazdeschiste\/files\/2017\/03\/non-gazdeschiste-bandeau-ss-texte.png?fit=1200%2C328&resize=350%2C200","width":350,"height":200},"classes":[]}],"_links":{"self":[{"href":"http:\/\/www.verts-vd.ch\/gazdeschiste\/wp-json\/wp\/v2\/pages\/9"}],"collection":[{"href":"http:\/\/www.verts-vd.ch\/gazdeschiste\/wp-json\/wp\/v2\/pages"}],"about":[{"href":"http:\/\/www.verts-vd.ch\/gazdeschiste\/wp-json\/wp\/v2\/types\/page"}],"author":[{"embeddable":true,"href":"http:\/\/www.verts-vd.ch\/gazdeschiste\/wp-json\/wp\/v2\/users\/5"}],"replies":[{"embeddable":true,"href":"http:\/\/www.verts-vd.ch\/gazdeschiste\/wp-json\/wp\/v2\/comments?post=9"}],"version-history":[{"count":18,"href":"http:\/\/www.verts-vd.ch\/gazdeschiste\/wp-json\/wp\/v2\/pages\/9\/revisions"}],"predecessor-version":[{"id":102,"href":"http:\/\/www.verts-vd.ch\/gazdeschiste\/wp-json\/wp\/v2\/pages\/9\/revisions\/102"}],"wp:featuredmedia":[{"embeddable":true,"href":"http:\/\/www.verts-vd.ch\/gazdeschiste\/wp-json\/wp\/v2\/media\/60"}],"wp:attachment":[{"href":"http:\/\/www.verts-vd.ch\/gazdeschiste\/wp-json\/wp\/v2\/media?parent=9"}],"curies":[{"name":"wp","href":"https:\/\/api.w.org\/{rel}","templated":true}]}}