{"id":23,"date":"2017-03-08T11:06:56","date_gmt":"2017-03-08T10:06:56","guid":{"rendered":"http:\/\/www.verts-vd.ch\/gazdeschiste\/?page_id=23"},"modified":"2017-03-10T13:39:12","modified_gmt":"2017-03-10T12:39:12","slug":"argumentaire","status":"publish","type":"page","link":"http:\/\/www.verts-vd.ch\/gazdeschiste\/argumentaire\/","title":{"rendered":"Argumentaire"},"content":{"rendered":"<p style=\"text-align: justify;\"><img data-attachment-id=\"36\" data-permalink=\"http:\/\/www.verts-vd.ch\/gazdeschiste\/?attachment_id=36#main\" data-orig-file=\"https:\/\/i0.wp.com\/www.verts-vd.ch\/gazdeschiste\/files\/2017\/03\/stop-forages_Logo_nb-1.png?fit=662%2C523\" data-orig-size=\"662,523\" data-comments-opened=\"1\" data-image-meta=\"{&quot;aperture&quot;:&quot;0&quot;,&quot;credit&quot;:&quot;&quot;,&quot;camera&quot;:&quot;&quot;,&quot;caption&quot;:&quot;&quot;,&quot;created_timestamp&quot;:&quot;0&quot;,&quot;copyright&quot;:&quot;&quot;,&quot;focal_length&quot;:&quot;0&quot;,&quot;iso&quot;:&quot;0&quot;,&quot;shutter_speed&quot;:&quot;0&quot;,&quot;title&quot;:&quot;&quot;,&quot;orientation&quot;:&quot;0&quot;}\" data-image-title=\"stop forages_Logo_nb\" data-image-description=\"\" data-medium-file=\"https:\/\/i0.wp.com\/www.verts-vd.ch\/gazdeschiste\/files\/2017\/03\/stop-forages_Logo_nb-1.png?fit=300%2C237\" data-large-file=\"https:\/\/i0.wp.com\/www.verts-vd.ch\/gazdeschiste\/files\/2017\/03\/stop-forages_Logo_nb-1.png?fit=600%2C474\" loading=\"lazy\" class=\"wp-image-36\" src=\"https:\/\/i0.wp.com\/www.verts-vd.ch\/gazdeschiste\/files\/2017\/03\/stop-forages_Logo_nb-1.png?resize=133%2C105\" alt=\"\" width=\"133\" height=\"105\" srcset=\"https:\/\/i0.wp.com\/www.verts-vd.ch\/gazdeschiste\/files\/2017\/03\/stop-forages_Logo_nb-1.png?resize=300%2C237 300w, https:\/\/i0.wp.com\/www.verts-vd.ch\/gazdeschiste\/files\/2017\/03\/stop-forages_Logo_nb-1.png?w=662 662w\" sizes=\"(max-width: 133px) 100vw, 133px\" data-recalc-dims=\"1\" \/><\/p>\n<p style=\"text-align: justify;\"><span style=\"color: #99cc00;\"><strong>CONTEXTE<\/strong><\/span><\/p>\n<p style=\"text-align: justify;\">Le sous-sol du canton de Vaud, du Jura jusqu\u2019aux Pr\u00e9alpes, a un potentiel en hydrocarbures (gaz de schiste, p\u00e9trole, etc), avec \u00e0 la cl\u00e9 les pires m\u00e9thodes d\u2019extraction, telles que le fracking.<\/p>\n<h6 style=\"text-align: justify;\">\u00a0\u00a0\u00a0\u00a0\u00a0\u00a0\u00a0\u00a0\u00a0\u00a0\u00a0\u00a0\u00a0\u00a0\u00a0\u00a0\u00a0\u00a0 <img data-attachment-id=\"52\" data-permalink=\"http:\/\/www.verts-vd.ch\/gazdeschiste\/argumentaire\/thightgaz\/#main\" data-orig-file=\"https:\/\/i2.wp.com\/www.verts-vd.ch\/gazdeschiste\/files\/2017\/03\/thightgaz.jpg?fit=768%2C603\" data-orig-size=\"768,603\" data-comments-opened=\"1\" data-image-meta=\"{&quot;aperture&quot;:&quot;0&quot;,&quot;credit&quot;:&quot;&quot;,&quot;camera&quot;:&quot;&quot;,&quot;caption&quot;:&quot;&quot;,&quot;created_timestamp&quot;:&quot;0&quot;,&quot;copyright&quot;:&quot;&quot;,&quot;focal_length&quot;:&quot;0&quot;,&quot;iso&quot;:&quot;0&quot;,&quot;shutter_speed&quot;:&quot;0&quot;,&quot;title&quot;:&quot;&quot;,&quot;orientation&quot;:&quot;0&quot;}\" data-image-title=\"thightgaz\" data-image-description=\"\" data-medium-file=\"https:\/\/i2.wp.com\/www.verts-vd.ch\/gazdeschiste\/files\/2017\/03\/thightgaz.jpg?fit=300%2C236\" data-large-file=\"https:\/\/i2.wp.com\/www.verts-vd.ch\/gazdeschiste\/files\/2017\/03\/thightgaz.jpg?fit=600%2C471\" loading=\"lazy\" class=\"alignnone size-medium wp-image-52\" src=\"https:\/\/i2.wp.com\/www.verts-vd.ch\/gazdeschiste\/files\/2017\/03\/thightgaz.jpg?resize=300%2C236\" alt=\"\" width=\"300\" height=\"236\" srcset=\"https:\/\/i2.wp.com\/www.verts-vd.ch\/gazdeschiste\/files\/2017\/03\/thightgaz.jpg?resize=300%2C236 300w, https:\/\/i2.wp.com\/www.verts-vd.ch\/gazdeschiste\/files\/2017\/03\/thightgaz.jpg?w=768 768w\" sizes=\"(max-width: 300px) 100vw, 300px\" data-recalc-dims=\"1\" \/><img data-attachment-id=\"53\" data-permalink=\"http:\/\/www.verts-vd.ch\/gazdeschiste\/argumentaire\/gaz2\/#main\" data-orig-file=\"https:\/\/i2.wp.com\/www.verts-vd.ch\/gazdeschiste\/files\/2017\/03\/gaz2.jpg?fit=870%2C874\" data-orig-size=\"870,874\" data-comments-opened=\"1\" data-image-meta=\"{&quot;aperture&quot;:&quot;0&quot;,&quot;credit&quot;:&quot;&quot;,&quot;camera&quot;:&quot;&quot;,&quot;caption&quot;:&quot;&quot;,&quot;created_timestamp&quot;:&quot;0&quot;,&quot;copyright&quot;:&quot;&quot;,&quot;focal_length&quot;:&quot;0&quot;,&quot;iso&quot;:&quot;0&quot;,&quot;shutter_speed&quot;:&quot;0&quot;,&quot;title&quot;:&quot;&quot;,&quot;orientation&quot;:&quot;0&quot;}\" data-image-title=\"gaz2\" data-image-description=\"\" data-medium-file=\"https:\/\/i2.wp.com\/www.verts-vd.ch\/gazdeschiste\/files\/2017\/03\/gaz2.jpg?fit=300%2C300\" data-large-file=\"https:\/\/i2.wp.com\/www.verts-vd.ch\/gazdeschiste\/files\/2017\/03\/gaz2.jpg?fit=600%2C603\" loading=\"lazy\" class=\"alignnone size-medium wp-image-53\" src=\"https:\/\/i2.wp.com\/www.verts-vd.ch\/gazdeschiste\/files\/2017\/03\/gaz2.jpg?resize=300%2C300\" alt=\"\" width=\"300\" height=\"300\" srcset=\"https:\/\/i2.wp.com\/www.verts-vd.ch\/gazdeschiste\/files\/2017\/03\/gaz2.jpg?resize=300%2C300 300w, https:\/\/i2.wp.com\/www.verts-vd.ch\/gazdeschiste\/files\/2017\/03\/gaz2.jpg?resize=150%2C150 150w, https:\/\/i2.wp.com\/www.verts-vd.ch\/gazdeschiste\/files\/2017\/03\/gaz2.jpg?resize=68%2C68 68w, https:\/\/i2.wp.com\/www.verts-vd.ch\/gazdeschiste\/files\/2017\/03\/gaz2.jpg?resize=330%2C330 330w, https:\/\/i2.wp.com\/www.verts-vd.ch\/gazdeschiste\/files\/2017\/03\/gaz2.jpg?resize=810%2C814 810w, https:\/\/i2.wp.com\/www.verts-vd.ch\/gazdeschiste\/files\/2017\/03\/gaz2.jpg?w=870 870w\" sizes=\"(max-width: 300px) 100vw, 300px\" data-recalc-dims=\"1\" \/><\/h6>\n<p style=\"text-align: justify;\"><em>Actuellement\u2026<\/em><\/p>\n<ul style=\"text-align: justify;\">\n<li>\u2026des <strong>forages exploratoires sont d\u00e9j\u00e0 en cours<\/strong>, \u00e0 Noville sous le Lac L\u00e9man, et dans le Gros de Vaud. Ils sont combattus par les populations locales.<\/li>\n<li>\u2026un <strong>moratoire fragile<\/strong> interdit l\u2019exploitation des gaz des schistes, mais cette d\u00e9cision peut \u00eatre invalid\u00e9e \u00e0 tout moment par une d\u00e9cision de l\u2019ex\u00e9cutif cantonal.<\/li>\n<li>\u2026une <strong>loi cantonale sur la gestion des ressources du sous-sol <\/strong>est en projet mais elle ne comporte aucune limitation ou interdiction concernant les hydrocarbures. Mise au frigo pendant les \u00e9lections, cette loi ne devrait pas \u00e9norm\u00e9ment bouger par la suite. Une inscription dans la Constitution est donc la meilleure garantie de fermer une fois pour toute la porte \u00e0 ces fantasmes p\u00e9troliers et gaziers vaudois.<\/li>\n<\/ul>\n<p style=\"text-align: justify;\"><em>\u00a0<\/em><\/p>\n<p style=\"text-align: justify;\"><span style=\"color: #99cc00;\"><strong>POURQUOI INTERDIRE L&#8217;EXTRACTION D&#8217;HYDROCARBURES DANS LE CANTON DE VAUD ?<\/strong><\/span><\/p>\n<p style=\"text-align: justify;\"><strong><em>POUR \u00e9viter les risques de pollution et prot\u00e9ger notre sant\u00e9\u00a0<\/em><\/strong>: l\u2019extraction d\u2019hydrocarbures induit des nuisances chimiques, odorantes et sonores. Les exemples de catastrophes li\u00e9es aux hydrocarbures laissent en g\u00e9n\u00e9ral une belle facture de nettoyage aux collectivit\u00e9s publiques touch\u00e9es.<\/p>\n<ul style=\"text-align: justify;\">\n<li><strong><em>Ressources en eau\u00a0<\/em><\/strong>: l\u2019\u00e9tanch\u00e9it\u00e9 des puits pendant l\u2019exploitation &#8211; mais aussi \u00e0 long terme \u2013 n\u2019est que rarement assur\u00e9e. Il reste donc toujours des risques qu\u2019un liquide ou gaz provenant du fond du puit mais aussi des niveaux interm\u00e9diaires se diffuse dans d\u2019autres couches, particuli\u00e8rement dans les r\u00e9serves d\u2019eau en sous-sol et contaminant nos nappes phr\u00e9atiques.<\/li>\n<\/ul>\n<p style=\"text-align: justify;\"><img data-attachment-id=\"54\" data-permalink=\"http:\/\/www.verts-vd.ch\/gazdeschiste\/argumentaire\/eau\/#main\" data-orig-file=\"https:\/\/i2.wp.com\/www.verts-vd.ch\/gazdeschiste\/files\/2017\/03\/eau.jpg?fit=800%2C533\" data-orig-size=\"800,533\" data-comments-opened=\"1\" data-image-meta=\"{&quot;aperture&quot;:&quot;0&quot;,&quot;credit&quot;:&quot;&quot;,&quot;camera&quot;:&quot;&quot;,&quot;caption&quot;:&quot;&quot;,&quot;created_timestamp&quot;:&quot;0&quot;,&quot;copyright&quot;:&quot;&quot;,&quot;focal_length&quot;:&quot;0&quot;,&quot;iso&quot;:&quot;0&quot;,&quot;shutter_speed&quot;:&quot;0&quot;,&quot;title&quot;:&quot;&quot;,&quot;orientation&quot;:&quot;0&quot;}\" data-image-title=\"eau\" data-image-description=\"\" data-medium-file=\"https:\/\/i2.wp.com\/www.verts-vd.ch\/gazdeschiste\/files\/2017\/03\/eau.jpg?fit=300%2C200\" data-large-file=\"https:\/\/i2.wp.com\/www.verts-vd.ch\/gazdeschiste\/files\/2017\/03\/eau.jpg?fit=600%2C400\" loading=\"lazy\" class=\"size-medium wp-image-54 aligncenter\" src=\"https:\/\/i2.wp.com\/www.verts-vd.ch\/gazdeschiste\/files\/2017\/03\/eau.jpg?resize=300%2C200\" alt=\"\" width=\"300\" height=\"200\" srcset=\"https:\/\/i2.wp.com\/www.verts-vd.ch\/gazdeschiste\/files\/2017\/03\/eau.jpg?resize=300%2C200 300w, https:\/\/i2.wp.com\/www.verts-vd.ch\/gazdeschiste\/files\/2017\/03\/eau.jpg?resize=768%2C512 768w, https:\/\/i2.wp.com\/www.verts-vd.ch\/gazdeschiste\/files\/2017\/03\/eau.jpg?w=800 800w\" sizes=\"(max-width: 300px) 100vw, 300px\" data-recalc-dims=\"1\" \/><\/p>\n<ul style=\"text-align: justify;\">\n<li><strong><em>Sant\u00e9<\/em><\/strong>: de plus en plus d\u2019\u00e9tudes pointent les risques potentiels pour la sant\u00e9 publique aux alentours des lieux d\u2019extraction d\u2019hydrocarbures. En effet, les adjuvants utilis\u00e9s dans les fluides de fracturation peuvent affecter n\u00e9gativement les yeux, la peau, le syst\u00e8me respiratoire et digestif. Ces fluides sont particuli\u00e8rement reconnus pour \u00eatre des perturbateurs endocriniens.<\/li>\n<li><strong><em>Dangers sismiques<\/em><\/strong> : la technique de forage et de fracturation, vant\u00e9e comme ma\u00eetris\u00e9e par ses promoteurs, reste tributaire des inconnues g\u00e9ologiques (failles, variations locales). L\u2019injection de fluides dans les sous-sols pour fracturer la roche peut cr\u00e9er des s\u00e9ismes.<\/li>\n<\/ul>\n<p style=\"text-align: justify;\"><strong><em>POUR pr\u00e9server notre paysage<\/em><\/strong>\u00a0: l&#8217;exploitation du gaz de schiste a un impact d\u00e9cisif sur le paysage et peut transformer une r\u00e9gion.<\/p>\n<ul style=\"text-align: justify;\">\n<li><strong>Un<\/strong><strong> puit et les installations <\/strong>n\u00e9cessaires \u00e0 son fonctionnement (routes, gazoducs, stockage, etc.) occupent plusieurs milliers de m\u00e8tres carr\u00e9s, leur dur\u00e9e de vie est courte et les rendements d\u00e9croissent rapidement. L&#8217;exploitation des gisements requiert ainsi une multitude de puits, entra\u00eenant le ph\u00e9nom\u00e8ne de mitage du paysage.<\/li>\n<\/ul>\n<p style=\"text-align: justify;\"><strong><em>POUR prot\u00e9ger notre environnement et \u00e9viter une crise climatique <\/em><\/strong>: la crise climatique actuelle est telle qu\u2019il est imp\u00e9ratif de laisser tout le CO2 et les ressources fossiles dans le sol et de ne pas les lib\u00e9rer dans l\u2019atmosph\u00e8re. Le p\u00e9trole, le gaz sont extraits dans le but d\u2019une combustion, que ce soit pour du chauffage, du transport ou produire de l\u2019\u00e9lectricit\u00e9 et participent donc au d\u00e9r\u00e8glement climatique. Chaque hydrocarbure laiss\u00e9e dans le sous-sol repr\u00e9sente une victoire de ce point de vue !<\/p>\n<p style=\"text-align: justify;\"><strong><em>POUR interdire une technique d\u00e9pass\u00e9e et v\u00e9ritablement entamer le tournant \u00e9nerg\u00e9tique\u00a0<\/em><\/strong>:\u00a0 l\u2019exploitation d\u2019hydrocarbures a des co\u00fbts \u00e9lev\u00e9s et sa rentabilit\u00e9 reste \u00e0 prouver, il est donc beaucoup plus logique d\u2019investir d\u00e8s maintenant dans les \u00e9nergies propres et le tournant \u00e9nerg\u00e9tique ! De plus, ces \u00e9nergies renouvelables cr\u00e9ent des emplois locaux \u00e0 haute valeur ajout\u00e9e sur le long terme contrairement \u00e0 l\u2019exploitation d\u2019hydrocarbures.<\/p>\n<p style=\"text-align: justify;\">*\u00a0\u00a0\u00a0\u00a0\u00a0 *\u00a0\u00a0\u00a0\u00a0\u00a0\u00a0 *\u00a0\u00a0\u00a0\u00a0 *<\/p>\n<p style=\"text-align: justify;\"><span style=\"color: #99cc00;\"><strong>LES CONSEQUENCES<\/strong><\/span><\/p>\n<p style=\"text-align: justify;\">&#8211;\u00a0\u00a0\u00a0\u00a0\u00a0\u00a0\u00a0\u00a0\u00a0 Consommation importante d\u2019eau (~10&#8217;000 m3 par puits et par phase de fracturation, accompagn\u00e9s de 900 m3 de sable ou de billes c\u00e9ramiques)<br \/>\n&#8211;\u00a0\u00a0\u00a0\u00a0\u00a0\u00a0\u00a0\u00a0\u00a0 injection d\u2019eau pollu\u00e9e dans le puits (0.5% d\u2019additifs chimiques, soit 50 m3 par puits et par phase de fracturation)<br \/>\n&#8211;\u00a0\u00a0\u00a0\u00a0\u00a0\u00a0\u00a0\u00a0\u00a0 r\u00e9cup\u00e9ration d\u2019eau charg\u00e9e de produits toxiques, de roche broy\u00e9e, de m\u00e9taux lourds et d\u2019\u00e9l\u00e9ments radioactifs venant de la roche m\u00e8re<br \/>\n&#8211;\u00a0\u00a0\u00a0\u00a0\u00a0\u00a0\u00a0\u00a0\u00a0 Risques de modification des circulations d\u2019eau profondes par de nouvelles fractures, mise en communication d\u2019eaux impropres \u00e0 la consommation avec des ressources en eau existantes (nappe phr\u00e9atique ou lac)<br \/>\n&#8211;\u00a0\u00a0\u00a0\u00a0\u00a0\u00a0\u00a0\u00a0\u00a0 Risques de pollution des aquif\u00e8res de surface, via le puits ou via le bassin de r\u00e9cup\u00e9ration des boues<\/p>\n<p style=\"text-align: justify;\"><em>Cons\u00e9quences sur les alentours du site de forage<\/em><\/p>\n<p style=\"text-align: justify;\">&#8211;\u00a0\u00a0\u00a0\u00a0\u00a0\u00a0\u00a0\u00a0\u00a0 Bruit des machines de forage, des compresseurs pour la fracturation puis d\u2019exploitation (24h\/24)<br \/>\n&#8211;\u00a0\u00a0\u00a0\u00a0\u00a0\u00a0\u00a0\u00a0\u00a0 Trafic poids-lourds (construction, phase de fracking, exploitation)<br \/>\n&#8211;\u00a0\u00a0\u00a0\u00a0\u00a0\u00a0\u00a0\u00a0\u00a0 Construction de routes d\u2019acc\u00e8s et\/ou de pipeline\/gazoducs<br \/>\n&#8211;\u00a0\u00a0\u00a0\u00a0\u00a0\u00a0\u00a0\u00a0\u00a0 Odeur et gaz toxiques, fuites de m\u00e9thane<br \/>\n&#8211;\u00a0\u00a0\u00a0\u00a0\u00a0\u00a0\u00a0\u00a0\u00a0 Activit\u00e9 sismique induite, par la cr\u00e9ation de nouvelles fissures, ou par la lubrification de fissures existantes<br \/>\n&#8211;\u00a0\u00a0\u00a0\u00a0\u00a0\u00a0\u00a0\u00a0\u00a0 Rem\u00e9diation du puits \u00e9puis\u00e9 =&gt; probl\u00e8mes environnementaux de longue dur\u00e9e (mise en pression du puits bouch\u00e9, nouvelles fractures, nouvelle s\u00e9ismicit\u00e9 post-exploitation, circulations de gaz, huiles, et eaux dans les cheminements cr\u00e9\u00e9s par le forage)<\/p>\n<p style=\"text-align: justify;\"><em>Cons\u00e9quences sur l\u2019environnement, sens large<\/em><\/p>\n<p style=\"text-align: justify;\">&#8211;\u00a0\u00a0\u00a0\u00a0\u00a0\u00a0\u00a0\u00a0\u00a0 fuites de gaz m\u00e9thane (pouvoir effet de serre 20 fois plus grand que CO2)<br \/>\n&#8211;\u00a0\u00a0\u00a0\u00a0\u00a0\u00a0\u00a0\u00a0\u00a0 s\u00e9ismicit\u00e9 et effets collat\u00e9raux (glissement de terrains, liqu\u00e9faction des sols, affaissements, d\u00e9stabilisation du delta du Rh\u00f4ne, tsunami)<br \/>\n&#8211;\u00a0\u00a0\u00a0\u00a0\u00a0\u00a0\u00a0\u00a0\u00a0 R\u00e9chauffement climatique (m\u00e9thane fuyant du forage, m\u00e9thane br\u00fbl\u00e9)<\/p>\n<p style=\"text-align: justify;\"><em>Cons\u00e9quences \u00e9conomiques<\/em><\/p>\n<p style=\"text-align: justify;\">&#8211;\u00a0\u00a0\u00a0\u00a0\u00a0\u00a0\u00a0\u00a0\u00a0 marge b\u00e9n\u00e9ficiaire faible des exploitants<br \/>\n* co\u00fbts de forages horizontaux \u00e9lev\u00e9s<br \/>\n* co\u00fbts de fracturation \u00e9lev\u00e9s<br \/>\n*co\u00fbts de stockage, de traitement et d\u2019\u00e9limination des boues de forage<br \/>\n* productivit\u00e9 du puit tr\u00e8s vite \u00e9puis\u00e9e<br \/>\n&#8211;\u00a0\u00a0\u00a0\u00a0\u00a0\u00a0\u00a0\u00a0\u00a0 Risque d\u2019\u00e9conomies sur les aspects de s\u00e9curit\u00e9 face \u00e0 ces autres co\u00fbts et au march\u00e9 du p\u00e9trole<br \/>\n&#8211;\u00a0\u00a0\u00a0\u00a0\u00a0\u00a0\u00a0\u00a0\u00a0 Potentiel \u00e9lev\u00e9 de faillite des entreprises concern\u00e9es<br \/>\n&#8211;\u00a0\u00a0\u00a0\u00a0\u00a0\u00a0\u00a0\u00a0\u00a0 Charges pesant sur les collectivit\u00e9s publiques\u00a0:<br \/>\n* co\u00fbts de rem\u00e9diation du puit<br \/>\n* co\u00fbts de gestion environnementale des puits abandonn\u00e9s<br \/>\n* co\u00fbts de d\u00e9pollution de surface, en cas de d\u00e9faillance tardive<br \/>\n* co\u00fbts de construction de nouvelles infrastructures d\u2019approvisionnement en eau, ou de traitement des eaux, en cas de pollution durable d\u2019une ressource en eau<br \/>\n* co\u00fbts de sant\u00e9 pour les populations soumises aux bruits, aux gaz et substances toxiques et radioactives<br \/>\n* Co\u00fbts d\u2019assurance contre les tremblements de terre induits<br \/>\n&#8211;\u00a0\u00a0\u00a0\u00a0\u00a0\u00a0\u00a0\u00a0\u00a0 effet rebond d\u2019une nouvelle ressource gazi\u00e8re, baisse du prix de l\u2019\u00e9nergie, augmentation de l\u2019usage total des \u00e9nergies non-renouvelables<br \/>\n&#8211;\u00a0\u00a0\u00a0\u00a0\u00a0\u00a0\u00a0\u00a0\u00a0 co\u00fbts \u00e9conomiques inconnus du d\u00e9r\u00e8glement climatique<\/p>\n<p style=\"text-align: justify;\">\n<p style=\"text-align: justify;\"><strong><span style=\"color: #99cc00;\">POUR TOUTES CES RAISONS, SIGNEZ L\u2019INITIATIVE \u00ab\u00a0POUR UN CANTON DE VAUD SANS EXTRACTION D\u2019HYDROCARBURES\u00a0\u00bb\u00a0!<\/span><\/strong><\/p>\n<!-- AddThis Advanced Settings generic via filter on the_content --><!-- AddThis Share Buttons generic via filter on the_content -->","protected":false},"excerpt":{"rendered":"<p>CONTEXTE Le sous-sol du canton de Vaud, du Jura jusqu\u2019aux Pr\u00e9alpes, a un potentiel en hydrocarbures (gaz de schiste, p\u00e9trole, etc), avec \u00e0 la cl\u00e9 les pires m\u00e9thodes d\u2019extraction, telles que le fracking. \u00a0\u00a0\u00a0\u00a0\u00a0\u00a0\u00a0\u00a0\u00a0\u00a0\u00a0\u00a0\u00a0\u00a0\u00a0\u00a0\u00a0\u00a0 Actuellement\u2026 \u2026des forages exploratoires sont d\u00e9j\u00e0 en cours, \u00e0 Noville sous le Lac L\u00e9man, et dans le Gros de Vaud. Ils &hellip; <a href=\"http:\/\/www.verts-vd.ch\/gazdeschiste\/argumentaire\/\" class=\"more-link\">La suite <span class=\"meta-nav\">&rarr;<\/span><\/a><!-- AddThis Advanced Settings generic via filter on wp_trim_excerpt --><!-- AddThis Share Buttons generic via filter on wp_trim_excerpt --><\/p>\n","protected":false},"author":5,"featured_media":67,"parent":0,"menu_order":0,"comment_status":"closed","ping_status":"closed","template":"","meta":{"spay_email":""},"yoast_head":"<!-- This site is optimized with the Yoast SEO plugin v15.5 - https:\/\/yoast.com\/wordpress\/plugins\/seo\/ -->\n<meta name=\"robots\" content=\"index, follow, max-snippet:-1, max-image-preview:large, max-video-preview:-1\" \/>\n<link rel=\"canonical\" href=\"http:\/\/www.verts-vd.ch\/gazdeschiste\/argumentaire\/\" \/>\n<meta property=\"og:locale\" content=\"fr_FR\" \/>\n<meta property=\"og:type\" content=\"article\" \/>\n<meta property=\"og:title\" content=\"Argumentaire - Pour un canton de Vaud sans hydrocarbures\" \/>\n<meta property=\"og:description\" content=\"CONTEXTE Le sous-sol du canton de Vaud, du Jura jusqu\u2019aux Pr\u00e9alpes, a un potentiel en hydrocarbures (gaz de schiste, p\u00e9trole, etc), avec \u00e0 la cl\u00e9 les pires m\u00e9thodes d\u2019extraction, telles que le fracking. \u00a0\u00a0\u00a0\u00a0\u00a0\u00a0\u00a0\u00a0\u00a0\u00a0\u00a0\u00a0\u00a0\u00a0\u00a0\u00a0\u00a0\u00a0 Actuellement\u2026 \u2026des forages exploratoires sont d\u00e9j\u00e0 en cours, \u00e0 Noville sous le Lac L\u00e9man, et dans le Gros de Vaud. Ils &hellip; La suite &rarr;\" \/>\n<meta property=\"og:url\" content=\"http:\/\/www.verts-vd.ch\/gazdeschiste\/argumentaire\/\" \/>\n<meta property=\"og:site_name\" content=\"Pour un canton de Vaud sans hydrocarbures\" \/>\n<meta property=\"article:modified_time\" content=\"2017-03-10T12:39:12+00:00\" \/>\n<meta property=\"og:image\" content=\"https:\/\/i1.wp.com\/www.verts-vd.ch\/gazdeschiste\/files\/2017\/03\/non-gazdeschiste-bandeau-ss-texte.png?fit=1230%2C336\" \/>\n\t<meta property=\"og:image:width\" content=\"1230\" \/>\n\t<meta property=\"og:image:height\" content=\"336\" \/>\n<meta name=\"twitter:card\" content=\"summary\" \/>\n<meta name=\"twitter:label1\" content=\"Dur\u00e9e de lecture est.\">\n\t<meta name=\"twitter:data1\" content=\"5 minutes\">\n<script type=\"application\/ld+json\" class=\"yoast-schema-graph\">{\"@context\":\"https:\/\/schema.org\",\"@graph\":[{\"@type\":\"WebSite\",\"@id\":\"http:\/\/www.verts-vd.ch\/gazdeschiste\/#website\",\"url\":\"http:\/\/www.verts-vd.ch\/gazdeschiste\/\",\"name\":\"Pour un canton de Vaud sans hydrocarbures\",\"description\":\"Initiative populaire des Verts Vaudois\",\"potentialAction\":[{\"@type\":\"SearchAction\",\"target\":\"http:\/\/www.verts-vd.ch\/gazdeschiste\/?s={search_term_string}\",\"query-input\":\"required name=search_term_string\"}],\"inLanguage\":\"fr-FR\"},{\"@type\":\"ImageObject\",\"@id\":\"http:\/\/www.verts-vd.ch\/gazdeschiste\/argumentaire\/#primaryimage\",\"inLanguage\":\"fr-FR\",\"url\":\"https:\/\/i1.wp.com\/www.verts-vd.ch\/gazdeschiste\/files\/2017\/03\/non-gazdeschiste-bandeau-ss-texte.png?fit=1230%2C336\",\"width\":1230,\"height\":336},{\"@type\":\"WebPage\",\"@id\":\"http:\/\/www.verts-vd.ch\/gazdeschiste\/argumentaire\/#webpage\",\"url\":\"http:\/\/www.verts-vd.ch\/gazdeschiste\/argumentaire\/\",\"name\":\"Argumentaire - Pour un canton de Vaud sans hydrocarbures\",\"isPartOf\":{\"@id\":\"http:\/\/www.verts-vd.ch\/gazdeschiste\/#website\"},\"primaryImageOfPage\":{\"@id\":\"http:\/\/www.verts-vd.ch\/gazdeschiste\/argumentaire\/#primaryimage\"},\"datePublished\":\"2017-03-08T10:06:56+00:00\",\"dateModified\":\"2017-03-10T12:39:12+00:00\",\"inLanguage\":\"fr-FR\",\"potentialAction\":[{\"@type\":\"ReadAction\",\"target\":[\"http:\/\/www.verts-vd.ch\/gazdeschiste\/argumentaire\/\"]}]}]}<\/script>\n<!-- \/ Yoast SEO plugin. -->","jetpack_shortlink":"https:\/\/wp.me\/P8w1k2-n","jetpack-related-posts":[{"id":11,"url":"http:\/\/www.verts-vd.ch\/gazdeschiste\/initiative\/","url_meta":{"origin":23,"position":0},"title":"L'initiative","date":"8 mars 2017","format":false,"excerpt":"R\u00e9vision de la Constitution cantonale (Initiative populaire) \u00a0 Art 56a (nouveau) Ressources \u00e9nerg\u00e9tiques du sous-sol\u00a0 1 L\u2019Etat veille \u00e0 une exploitation des ressources \u00e9nerg\u00e9tiques du sous-sol rationnelle, \u00e9conome et respectueuse de l\u2019environnement. 2 La prospection, l'exploration et l\u2019extraction des hydrocarbures sont interdites sur le territoire du canton de Vaud \u00a0\u2026","rel":"","context":"Article similaire","img":{"alt_text":"","src":"https:\/\/i1.wp.com\/www.verts-vd.ch\/gazdeschiste\/files\/2017\/03\/non-gazdeschiste-bandeau-ss-texte.png?fit=1200%2C328&resize=350%2C200","width":350,"height":200},"classes":[]},{"id":9,"url":"http:\/\/www.verts-vd.ch\/gazdeschiste\/","url_meta":{"origin":23,"position":1},"title":"Pourquoi une initiative contre l'extraction\u2026","date":"8 mars 2017","format":false,"excerpt":"Pourquoi une initiative contre l'extraction des hydrocarbures ? POUR \u00e9viter des risques de pollution massive de nos ressources en eau POUR prot\u00e9ger notre paysage et notre environnement POUR interdire une technologie dangereuse et d\u00e9pass\u00e9e POUR entamer r\u00e9solument le virage du renouvelable Plus de 15'000 signatures ont \u00e9t\u00e9 r\u00e9colt\u00e9es. Les 12'000\u2026","rel":"","context":"Article similaire","img":{"alt_text":"","src":"https:\/\/i2.wp.com\/www.verts-vd.ch\/gazdeschiste\/files\/2017\/03\/non-gazdeschiste-bandeau.png?fit=1200%2C328&resize=350%2C200","width":350,"height":200},"classes":[]}],"_links":{"self":[{"href":"http:\/\/www.verts-vd.ch\/gazdeschiste\/wp-json\/wp\/v2\/pages\/23"}],"collection":[{"href":"http:\/\/www.verts-vd.ch\/gazdeschiste\/wp-json\/wp\/v2\/pages"}],"about":[{"href":"http:\/\/www.verts-vd.ch\/gazdeschiste\/wp-json\/wp\/v2\/types\/page"}],"author":[{"embeddable":true,"href":"http:\/\/www.verts-vd.ch\/gazdeschiste\/wp-json\/wp\/v2\/users\/5"}],"replies":[{"embeddable":true,"href":"http:\/\/www.verts-vd.ch\/gazdeschiste\/wp-json\/wp\/v2\/comments?post=23"}],"version-history":[{"count":8,"href":"http:\/\/www.verts-vd.ch\/gazdeschiste\/wp-json\/wp\/v2\/pages\/23\/revisions"}],"predecessor-version":[{"id":84,"href":"http:\/\/www.verts-vd.ch\/gazdeschiste\/wp-json\/wp\/v2\/pages\/23\/revisions\/84"}],"wp:featuredmedia":[{"embeddable":true,"href":"http:\/\/www.verts-vd.ch\/gazdeschiste\/wp-json\/wp\/v2\/media\/67"}],"wp:attachment":[{"href":"http:\/\/www.verts-vd.ch\/gazdeschiste\/wp-json\/wp\/v2\/media?parent=23"}],"curies":[{"name":"wp","href":"https:\/\/api.w.org\/{rel}","templated":true}]}}